{"id":278,"date":"2022-03-30T15:33:15","date_gmt":"2022-03-30T21:33:15","guid":{"rendered":"https:\/\/www.vitalsmilesga.com\/?page_id=278"},"modified":"2024-08-13T12:20:40","modified_gmt":"2024-08-13T18:20:40","slug":"empastes","status":"publish","type":"page","link":"https:\/\/www.vitalsmilesga.com\/es\/services\/general-dentist-for-children\/fillings\/","title":{"rendered":"Empastes"},"content":{"rendered":"<h2>Empastes dentales para ni\u00f1os en Norcross, GA<\/h2>\n<p>Como padre o madre, deseas que tus hijos se alimenten adecuadamente, hagan ejercicio y disfruten de una excelente salud general. Seguro que has o\u00eddo eso de que la boca es la puerta de entrada al cuerpo, y es cierto. Lo que hay en la boca entra en el cuerpo, por lo que la higiene bucal diaria es esencial para eliminar las bacterias da\u00f1inas y la placa. Cuando un diente duele o presenta una <a href=\"\/es\/servicios\/dentista-general-para-ninos\/cavity-prevention-treatment\/\">caries<\/a>es importante que traigas a tu hijo para que el dentista pueda determinar la causa del problema. Ofrecemos una atenci\u00f3n odontol\u00f3gica cuidadosa, as\u00ed que si tu hijo peque\u00f1o o adolescente necesita empastes dentales, puedes estar seguro de que haremos que su experiencia sea c\u00f3moda, gratificante y positiva.<\/p>\n<h2>Acerca de las caries en ni\u00f1os<\/h2>\n<p>Son muchos los factores que pueden provocar una caries, pero aqu\u00ed te enumeramos algunos de los m\u00e1s habituales:<\/p>\n<ul>\n<li>Consumir az\u00facar en exceso (tanto en alimentos como en bebidas).<\/li>\n<li>Ingerir una cantidad excesiva de almidones.<\/li>\n<li>Tomar bebidas \u00e1cidas como zumos c\u00edtricos, refrescos de cola y bebidas para deportistas.<\/li>\n<li>Malos h\u00e1bitos de higiene bucodental en casa.<\/li>\n<li>No usar hilo dental a diario.<\/li>\n<li>Beber agua embotellada en lugar de agua del grifo fluorada.<\/li>\n<li>Reflujo \u00e1cido.<\/li>\n<li>Masticar hielo.<\/li>\n<\/ul>\n<p>Si tu hijo desarrolla una caries, nunca se curar\u00e1 por s\u00ed sola. De hecho, la caries aumentar\u00e1 y puede hacer que el diente muera, se extienda a otros dientes circundantes o provoque un absceso. En un diente de leche, una caries profunda puede incluso extenderse a los dientes permanentes que est\u00e1n dentro de la mand\u00edbula. La atenci\u00f3n dental profesional es la \u00fanica forma de reparar el da\u00f1o, restablecer una buena salud bucodental y eliminar el dolor.<\/p>\n<h2>El empaste dental<\/h2>\n<p>Ante todo, nos aseguramos de que tu hijo y t\u00fa os sint\u00e1is c\u00f3modos, seguros y bien atendidos en la sala de tratamiento. Para colocar un empaste dental a un ni\u00f1o, primero adormecemos la zona con un anest\u00e9sico y eliminamos la caries.<\/p>\n<p>A continuaci\u00f3n, seleccionaremos una resina compuesta que coincida con el esmalte del diente. El dentista extender\u00e1 esta resina dentro del hueco desinfectado, reconstruyendo la zona para volver a formar la estructura del diente. Luego se aplica una luz fr\u00eda ligera que endurece el empaste de composite. Tras comprobar la mordida y hacer los ajustes necesarios, daremos por terminado el tratamiento.<\/p>\n<p>La zona permanecer\u00e1 adormecida durante unas horas. No olvides recordarle a tu hijo que masticarse y morderse la mejilla adormecida le provocar\u00e1 llagas que le doler\u00e1n m\u00e1s tarde. Durante las primeras 24 horas despu\u00e9s de un empaste, dale de comer alimentos blandos y recu\u00e9rdale que mastique en el lado de la boca opuesto al empaste. El entumecimiento desaparecer\u00e1 al cabo de unas horas. La sensibilidad puede persistir durante una o dos semanas, y puedes administrarle un analg\u00e9sico sin receta, adecuado a su edad, para que se sienta c\u00f3modo.<\/p>\n<blockquote>\n<h5><em> <img loading=\"lazy\" decoding=\"async\" class=\"alignnone wp-image-3764\" src=\"https:\/\/www.vitalsmilesga.com\/wp-content\/uploads\/2024\/07\/lightbulb.png\" alt=\"\" width=\"35\" height=\"35\" srcset=\"https:\/\/www.vitalsmilesga.com\/wp-content\/uploads\/2024\/07\/lightbulb.png 64w, https:\/\/www.vitalsmilesga.com\/wp-content\/uploads\/2024\/07\/lightbulb-12x12.png 12w\" sizes=\"(max-width: 35px) 100vw, 35px\" \/>\u00bfSAB\u00cdAS QU\u00c9? <\/em><\/h5>\n<p>Los empastes dentales se hicieron populares en Estados Unidos a principios del siglo XIX. Fue m\u00e1s o menos en la misma \u00e9poca en que se constituy\u00f3 la Asociaci\u00f3n Dental Americana.<\/p><\/blockquote>\n<h2>Dientes de leche con caries<\/h2>\n<p>Suele pensarse err\u00f3neamente que, dado que los dientes de leche se caen, no es necesario empastarlos. Sin embargo, los padres deben comprender que la caries es progresiva y se puede extender incluso a los dientes permanentes en desarrollo dentro de la mand\u00edbula. Para eliminar el dolor de muelas de tu hijo y preservar una buena salud bucodental, solicita una revisi\u00f3n con nuestro dentista infantil si observas una mancha marr\u00f3n o negra en uno de sus dientes o si se queja de dolor de muelas.<\/p>\n<h2>Prevenci\u00f3n de la caries<\/h2>\n<p>Puedes ayudar a tu hijo a evitar las caries y las enfermedades de las enc\u00edas si sigues estos consejos:<\/p>\n<ul>\n<li>Compra un cepillo de dientes de cerdas suaves y tama\u00f1o adecuado y c\u00e1mbialo cada tres meses.<\/li>\n<li>Cep\u00edllate los dientes con pasta dent\u00edfrica fluorada (utiliza pasta no fluorada para ni\u00f1os menores de tres a\u00f1os) y un cepillo de cerdas suaves adecuado para su edad durante dos minutos, dos veces al d\u00eda.<\/li>\n<li>Los ni\u00f1os mayores de tres a\u00f1os deben utilizar dent\u00edfrico fluorado.<\/li>\n<li>Vigila el cepillado de tu hijo, ayud\u00e1ndole si es necesario.<\/li>\n<li>Cep\u00edllale los dientes durante dos minutos cada d\u00eda, una vez por la ma\u00f1ana y otra antes de acostarse.<\/li>\n<li>Utiliza hilo dental una vez al d\u00eda, con hilo tradicional o con un hilo prehilado.<\/li>\n<li>Aseg\u00farate de que tu hijo bebe agua en abundancia.<\/li>\n<li>Reduce los tentempi\u00e9s y alimentos azucarados y ricos en almid\u00f3n.<\/li>\n<li>Reduce o elimina las bebidas azucaradas y \u00e1cidas.<\/li>\n<li>Acude a las revisiones y limpiezas semestrales en nuestra consulta.<\/li>\n<li>Solicita una revisi\u00f3n si tu hijo peque\u00f1o o adolescente sufre de dolor de muelas.<\/li>\n<\/ul>\n<h2>La m\u00e1xima experiencia dental para ni\u00f1os o Kidsperience<\/h2>\n<p>Las caries provocan dolor de muelas y, si no se tratan, pueden extenderse a los dientes circundantes o a los dientes de leche no desarrollados. Las caries pueden provocar abscesos dolorosos, as\u00ed como la muerte del diente. Evita que tus hijos sufran graves problemas dentales trat\u00e1ndoles las caries precozmente. En nuestras cl\u00ednicas de Norcross realizamos revisiones y limpiezas peri\u00f3dicas cada seis meses para detectar las caries en su fase inicial, cuando el tratamiento es menos invasivo.<\/p>\n<p>Para programar una revisi\u00f3n y limpieza o un examen, <a href=\"\/es\/contacto\/\">\u00a1contacta nuestro consultorio hoy<\/a>\u00a1Estaremos encantados de ofrecerles a tus hijos una Kidsperience fant\u00e1stica!<\/p>","protected":false},"excerpt":{"rendered":"<p>Si tu hijo tiene una caries, no se curar\u00e1 por s\u00ed sola. De hecho, aumentar\u00e1 y puede hacer que el diente muera, extendi\u00e9ndose a los dientes adyacentes o provocando un absceso.<\/p>","protected":false},"author":2,"featured_media":3527,"parent":3299,"menu_order":0,"comment_status":"closed","ping_status":"closed","template":"","meta":{"_et_pb_use_builder":"","_et_pb_old_content":"","_et_gb_content_width":"","_monsterinsights_skip_tracking":false,"_monsterinsights_sitenote_active":false,"_monsterinsights_sitenote_note":"","_monsterinsights_sitenote_category":0,"footnotes":""},"class_list":["post-278","page","type-page","status-publish","has-post-thumbnail","hentry"],"aioseo_notices":[],"aioseo_head":"\n\t\t<!-- All in One SEO Pro 4.9.5.2 - aioseo.com -->\n\t<meta name=\"description\" content=\"To stop a child\u2019s toothache and ensure good oral health, we offer children\u2019s dental fillings. If you notice a spot on one of your child\u2019s teeth, call us.\" \/>\n\t<meta name=\"robots\" content=\"max-image-preview:large\" \/>\n\t<meta name=\"google-site-verification\" content=\"6UR7QRUQ_oEhhEhvYxcy1WFCSIhYRMtTCEFYhSKzyVA\" \/>\n\t<link rel=\"canonical\" href=\"https:\/\/www.vitalsmilesga.com\/es\/services\/general-dentist-for-children\/fillings\/\" \/>\n\t<meta name=\"generator\" content=\"All in One SEO Pro (AIOSEO) 4.9.5.2\" \/>\n\t\t<meta property=\"og:locale\" content=\"es_MX\" \/>\n\t\t<meta property=\"og:site_name\" content=\"Vital Smiles | Our dental office is devoted to serving our community and ensuring everyone has affordable access to dental care. We have several payment options available in addition to dental insurance, including Medicaid and CareCredit.\" \/>\n\t\t<meta property=\"og:type\" content=\"company\" \/>\n\t\t<meta property=\"og:title\" content=\"Fillings in Norcross | Vital Smiles\" \/>\n\t\t<meta property=\"og:description\" content=\"To stop a child\u2019s toothache and ensure good oral health, we offer children\u2019s dental fillings. If you notice a spot on one of your child\u2019s teeth, call us.\" \/>\n\t\t<meta property=\"og:url\" content=\"https:\/\/www.vitalsmilesga.com\/es\/services\/general-dentist-for-children\/fillings\/\" \/>\n\t\t<meta property=\"og:image\" content=\"https:\/\/www.vitalsmilesga.com\/wp-content\/uploads\/2024\/04\/ChildinDentalChair.jpg\" \/>\n\t\t<meta property=\"og:image:secure_url\" content=\"https:\/\/www.vitalsmilesga.com\/wp-content\/uploads\/2024\/04\/ChildinDentalChair.jpg\" \/>\n\t\t<meta property=\"og:image:width\" content=\"600\" \/>\n\t\t<meta property=\"og:image:height\" content=\"600\" \/>\n\t\t<meta name=\"twitter:card\" content=\"summary_large_image\" \/>\n\t\t<meta name=\"twitter:title\" content=\"Fillings in Norcross | Vital Smiles\" \/>\n\t\t<meta name=\"twitter:description\" content=\"To stop a child\u2019s toothache and ensure good oral health, we offer children\u2019s dental fillings. If you notice a spot on one of your child\u2019s teeth, call us.\" \/>\n\t\t<meta name=\"twitter:image\" content=\"https:\/\/www.vitalsmilesga.com\/wp-content\/uploads\/2025\/01\/logo.png\" \/>\n\t\t<script type=\"application\/ld+json\" class=\"aioseo-schema\">\n\t\t\t{\"@context\":\"https:\\\/\\\/schema.org\",\"@graph\":[{\"@type\":\"BreadcrumbList\",\"@id\":\"https:\\\/\\\/www.vitalsmilesga.com\\\/es\\\/services\\\/general-dentist-for-children\\\/fillings\\\/#breadcrumblist\",\"itemListElement\":[{\"@type\":\"ListItem\",\"@id\":\"https:\\\/\\\/www.vitalsmilesga.com\\\/es#listItem\",\"position\":1,\"name\":\"Home\",\"item\":\"https:\\\/\\\/www.vitalsmilesga.com\\\/es\",\"nextItem\":{\"@type\":\"ListItem\",\"@id\":\"https:\\\/\\\/www.vitalsmilesga.com\\\/es\\\/services\\\/#listItem\",\"name\":\"Services\"}},{\"@type\":\"ListItem\",\"@id\":\"https:\\\/\\\/www.vitalsmilesga.com\\\/es\\\/services\\\/#listItem\",\"position\":2,\"name\":\"Services\",\"item\":\"https:\\\/\\\/www.vitalsmilesga.com\\\/es\\\/services\\\/\",\"nextItem\":{\"@type\":\"ListItem\",\"@id\":\"https:\\\/\\\/www.vitalsmilesga.com\\\/es\\\/services\\\/general-dentist-for-children\\\/#listItem\",\"name\":\"General Dentist for Children\"},\"previousItem\":{\"@type\":\"ListItem\",\"@id\":\"https:\\\/\\\/www.vitalsmilesga.com\\\/es#listItem\",\"name\":\"Home\"}},{\"@type\":\"ListItem\",\"@id\":\"https:\\\/\\\/www.vitalsmilesga.com\\\/es\\\/services\\\/general-dentist-for-children\\\/#listItem\",\"position\":3,\"name\":\"General Dentist for Children\",\"item\":\"https:\\\/\\\/www.vitalsmilesga.com\\\/es\\\/services\\\/general-dentist-for-children\\\/\",\"nextItem\":{\"@type\":\"ListItem\",\"@id\":\"https:\\\/\\\/www.vitalsmilesga.com\\\/es\\\/services\\\/general-dentist-for-children\\\/fillings\\\/#listItem\",\"name\":\"Fillings\"},\"previousItem\":{\"@type\":\"ListItem\",\"@id\":\"https:\\\/\\\/www.vitalsmilesga.com\\\/es\\\/services\\\/#listItem\",\"name\":\"Services\"}},{\"@type\":\"ListItem\",\"@id\":\"https:\\\/\\\/www.vitalsmilesga.com\\\/es\\\/services\\\/general-dentist-for-children\\\/fillings\\\/#listItem\",\"position\":4,\"name\":\"Fillings\",\"previousItem\":{\"@type\":\"ListItem\",\"@id\":\"https:\\\/\\\/www.vitalsmilesga.com\\\/es\\\/services\\\/general-dentist-for-children\\\/#listItem\",\"name\":\"General Dentist for Children\"}}]},{\"@type\":\"Organization\",\"@id\":\"https:\\\/\\\/www.vitalsmilesga.com\\\/es\\\/#organization\",\"name\":\"Vital Smiles\",\"description\":\"Our dental office is devoted to serving our community and ensuring everyone has affordable access to dental care. We have several payment options available in addition to dental insurance, including Medicaid and CareCredit.\",\"url\":\"https:\\\/\\\/www.vitalsmilesga.com\\\/es\\\/\",\"telephone\":\"+16788067727\",\"numberOfEmployees\":{\"@type\":\"QuantitativeValue\",\"minValue\":5,\"maxValue\":25},\"logo\":{\"@type\":\"ImageObject\",\"url\":\"https:\\\/\\\/www.vitalsmilesga.com\\\/wp-content\\\/uploads\\\/2025\\\/01\\\/logo.png\",\"@id\":\"https:\\\/\\\/www.vitalsmilesga.com\\\/es\\\/services\\\/general-dentist-for-children\\\/fillings\\\/#organizationLogo\",\"width\":135,\"height\":120},\"image\":{\"@id\":\"https:\\\/\\\/www.vitalsmilesga.com\\\/es\\\/services\\\/general-dentist-for-children\\\/fillings\\\/#organizationLogo\"},\"sameAs\":[\"https:\\\/\\\/www.facebook.com\\\/VitalSmilesGeorgia\"],\"address\":{\"@id\":\"https:\\\/\\\/www.vitalsmilesga.com\\\/es\\\/#postaladdress\",\"@type\":\"PostalAddress\",\"streetAddress\":\"6000 Singleton Rd, Suite 315\",\"postalCode\":\"30093\",\"addressLocality\":\"Norcross\",\"addressRegion\":\"Georgia\",\"addressCountry\":\"US\"}},{\"@type\":\"WebPage\",\"@id\":\"https:\\\/\\\/www.vitalsmilesga.com\\\/es\\\/services\\\/general-dentist-for-children\\\/fillings\\\/#webpage\",\"url\":\"https:\\\/\\\/www.vitalsmilesga.com\\\/es\\\/services\\\/general-dentist-for-children\\\/fillings\\\/\",\"name\":\"Fillings in Norcross | Vital Smiles\",\"description\":\"To stop a child\\u2019s toothache and ensure good oral health, we offer children\\u2019s dental fillings. If you notice a spot on one of your child\\u2019s teeth, call us.\",\"inLanguage\":\"es-MX\",\"isPartOf\":{\"@id\":\"https:\\\/\\\/www.vitalsmilesga.com\\\/es\\\/#website\"},\"breadcrumb\":{\"@id\":\"https:\\\/\\\/www.vitalsmilesga.com\\\/es\\\/services\\\/general-dentist-for-children\\\/fillings\\\/#breadcrumblist\"},\"image\":{\"@type\":\"ImageObject\",\"url\":\"https:\\\/\\\/www.vitalsmilesga.com\\\/wp-content\\\/uploads\\\/2024\\\/04\\\/ChildinDentalChair.jpg\",\"@id\":\"https:\\\/\\\/www.vitalsmilesga.com\\\/es\\\/services\\\/general-dentist-for-children\\\/fillings\\\/#mainImage\",\"width\":600,\"height\":600,\"caption\":\"Child at the Dentist's Office\"},\"primaryImageOfPage\":{\"@id\":\"https:\\\/\\\/www.vitalsmilesga.com\\\/es\\\/services\\\/general-dentist-for-children\\\/fillings\\\/#mainImage\"},\"datePublished\":\"2022-03-30T15:33:15-06:00\",\"dateModified\":\"2024-08-13T12:20:40-06:00\"},{\"@type\":\"WebSite\",\"@id\":\"https:\\\/\\\/www.vitalsmilesga.com\\\/es\\\/#website\",\"url\":\"https:\\\/\\\/www.vitalsmilesga.com\\\/es\\\/\",\"name\":\"Vital Smiles\",\"alternateName\":\"Vital Smiles Norcross\",\"description\":\"Our dental office is devoted to serving our community and ensuring everyone has affordable access to dental care. We have several payment options available in addition to dental insurance, including Medicaid and CareCredit.\",\"inLanguage\":\"es-MX\",\"publisher\":{\"@id\":\"https:\\\/\\\/www.vitalsmilesga.com\\\/es\\\/#organization\"}}]}\n\t\t<\/script>\n\t\t<!-- All in One SEO Pro -->\r\n\t\t<title>Fillings in Norcross | Vital Smiles<\/title>\n\n","aioseo_head_json":{"title":"Empastes dentales para ni\u00f1os en Norcross | Vital Smiles","description":"Los empastes dentales infantiles pueden detener el dolor dental y garantizan una buena salud bucodental. Si notas una mancha en un diente de tu hijo, ll\u00e1manos.","canonical_url":"https:\/\/www.vitalsmilesga.com\/es\/services\/general-dentist-for-children\/fillings\/","robots":"max-image-preview:large","keywords":"","webmasterTools":{"google-site-verification":"6UR7QRUQ_oEhhEhvYxcy1WFCSIhYRMtTCEFYhSKzyVA","miscellaneous":""},"schema":{"@context":"https:\/\/schema.org","@graph":[{"@type":"BreadcrumbList","@id":"https:\/\/www.vitalsmilesga.com\/es\/services\/general-dentist-for-children\/fillings\/#breadcrumblist","itemListElement":[{"@type":"ListItem","@id":"https:\/\/www.vitalsmilesga.com\/es#listItem","position":1,"name":"Home","item":"https:\/\/www.vitalsmilesga.com\/es","nextItem":{"@type":"ListItem","@id":"https:\/\/www.vitalsmilesga.com\/es\/services\/#listItem","name":"Services"}},{"@type":"ListItem","@id":"https:\/\/www.vitalsmilesga.com\/es\/services\/#listItem","position":2,"name":"Services","item":"https:\/\/www.vitalsmilesga.com\/es\/services\/","nextItem":{"@type":"ListItem","@id":"https:\/\/www.vitalsmilesga.com\/es\/services\/general-dentist-for-children\/#listItem","name":"General Dentist for Children"},"previousItem":{"@type":"ListItem","@id":"https:\/\/www.vitalsmilesga.com\/es#listItem","name":"Home"}},{"@type":"ListItem","@id":"https:\/\/www.vitalsmilesga.com\/es\/services\/general-dentist-for-children\/#listItem","position":3,"name":"General Dentist for Children","item":"https:\/\/www.vitalsmilesga.com\/es\/services\/general-dentist-for-children\/","nextItem":{"@type":"ListItem","@id":"https:\/\/www.vitalsmilesga.com\/es\/services\/general-dentist-for-children\/fillings\/#listItem","name":"Fillings"},"previousItem":{"@type":"ListItem","@id":"https:\/\/www.vitalsmilesga.com\/es\/services\/#listItem","name":"Services"}},{"@type":"ListItem","@id":"https:\/\/www.vitalsmilesga.com\/es\/services\/general-dentist-for-children\/fillings\/#listItem","position":4,"name":"Fillings","previousItem":{"@type":"ListItem","@id":"https:\/\/www.vitalsmilesga.com\/es\/services\/general-dentist-for-children\/#listItem","name":"General Dentist for Children"}}]},{"@type":"Organization","@id":"https:\/\/www.vitalsmilesga.com\/es\/#organization","name":"Vital Smiles","description":"Our dental office is devoted to serving our community and ensuring everyone has affordable access to dental care. We have several payment options available in addition to dental insurance, including Medicaid and CareCredit.","url":"https:\/\/www.vitalsmilesga.com\/es\/","telephone":"+16788067727","numberOfEmployees":{"@type":"QuantitativeValue","minValue":5,"maxValue":25},"logo":{"@type":"ImageObject","url":"https:\/\/www.vitalsmilesga.com\/wp-content\/uploads\/2025\/01\/logo.png","@id":"https:\/\/www.vitalsmilesga.com\/es\/services\/general-dentist-for-children\/fillings\/#organizationLogo","width":135,"height":120},"image":{"@id":"https:\/\/www.vitalsmilesga.com\/es\/services\/general-dentist-for-children\/fillings\/#organizationLogo"},"sameAs":["https:\/\/www.facebook.com\/VitalSmilesGeorgia"],"address":{"@id":"https:\/\/www.vitalsmilesga.com\/es\/#postaladdress","@type":"PostalAddress","streetAddress":"6000 Singleton Rd, Suite 315","postalCode":"30093","addressLocality":"Norcross","addressRegion":"Georgia","addressCountry":"US"}},{"@type":"WebPage","@id":"https:\/\/www.vitalsmilesga.com\/es\/services\/general-dentist-for-children\/fillings\/#webpage","url":"https:\/\/www.vitalsmilesga.com\/es\/services\/general-dentist-for-children\/fillings\/","name":"Fillings in Norcross | Vital Smiles","description":"To stop a child\u2019s toothache and ensure good oral health, we offer children\u2019s dental fillings. If you notice a spot on one of your child\u2019s teeth, call us.","inLanguage":"es-MX","isPartOf":{"@id":"https:\/\/www.vitalsmilesga.com\/es\/#website"},"breadcrumb":{"@id":"https:\/\/www.vitalsmilesga.com\/es\/services\/general-dentist-for-children\/fillings\/#breadcrumblist"},"image":{"@type":"ImageObject","url":"https:\/\/www.vitalsmilesga.com\/wp-content\/uploads\/2024\/04\/ChildinDentalChair.jpg","@id":"https:\/\/www.vitalsmilesga.com\/es\/services\/general-dentist-for-children\/fillings\/#mainImage","width":600,"height":600,"caption":"Child at the Dentist's Office"},"primaryImageOfPage":{"@id":"https:\/\/www.vitalsmilesga.com\/es\/services\/general-dentist-for-children\/fillings\/#mainImage"},"datePublished":"2022-03-30T15:33:15-06:00","dateModified":"2024-08-13T12:20:40-06:00"},{"@type":"WebSite","@id":"https:\/\/www.vitalsmilesga.com\/es\/#website","url":"https:\/\/www.vitalsmilesga.com\/es\/","name":"Vital Smiles","alternateName":"Vital Smiles Norcross","description":"Our dental office is devoted to serving our community and ensuring everyone has affordable access to dental care. We have several payment options available in addition to dental insurance, including Medicaid and CareCredit.","inLanguage":"es-MX","publisher":{"@id":"https:\/\/www.vitalsmilesga.com\/es\/#organization"}}]},"og:locale":"es_MX","og:site_name":"Vital Smiles | Our dental office is devoted to serving our community and ensuring everyone has affordable access to dental care. We have several payment options available in addition to dental insurance, including Medicaid and CareCredit.","og:type":"company","og:title":"Fillings in Norcross | Vital Smiles","og:description":"To stop a child\u2019s toothache and ensure good oral health, we offer children\u2019s dental fillings. If you notice a spot on one of your child\u2019s teeth, call us.","og:url":"https:\/\/www.vitalsmilesga.com\/es\/services\/general-dentist-for-children\/fillings\/","og:image":"https:\/\/www.vitalsmilesga.com\/wp-content\/uploads\/2024\/04\/ChildinDentalChair.jpg","og:image:secure_url":"https:\/\/www.vitalsmilesga.com\/wp-content\/uploads\/2024\/04\/ChildinDentalChair.jpg","og:image:width":600,"og:image:height":600,"twitter:card":"summary_large_image","twitter:title":"Fillings in Norcross | Vital Smiles","twitter:description":"To stop a child\u2019s toothache and ensure good oral health, we offer children\u2019s dental fillings. If you notice a spot on one of your child\u2019s teeth, call us.","twitter:image":"https:\/\/www.vitalsmilesga.com\/wp-content\/uploads\/2025\/01\/logo.png"},"aioseo_meta_data":{"post_id":"278","title":null,"description":null,"keywords":null,"keyphrases":{"focus":{"keyphrase":"Fillings","score":74,"analysis":{"keyphraseInTitle":{"score":9,"maxScore":9,"error":0},"keyphraseInDescription":{"score":3,"maxScore":9,"error":1},"keyphraseLength":{"score":9,"maxScore":9,"error":0,"length":1},"keyphraseInURL":{"score":5,"maxScore":5,"error":0},"keyphraseInIntroduction":{"score":9,"maxScore":9,"error":0},"keyphraseInSubHeadings":{"score":3,"maxScore":9,"error":1},"keyphraseInImageAlt":{"score":3,"maxScore":9,"error":1},"keywordDensity":{"type":"best","score":9,"maxScore":9,"error":0}}},"additional":[]},"primary_term":null,"canonical_url":null,"og_title":null,"og_description":null,"og_object_type":"default","og_image_type":"default","og_image_url":null,"og_image_width":null,"og_image_height":null,"og_image_custom_url":null,"og_image_custom_fields":null,"og_video":"","og_custom_url":null,"og_article_section":null,"og_article_tags":null,"twitter_use_og":false,"twitter_card":"default","twitter_image_type":"default","twitter_image_url":null,"twitter_image_custom_url":null,"twitter_image_custom_fields":null,"twitter_title":null,"twitter_description":null,"schema":{"blockGraphs":[],"customGraphs":[],"default":{"data":{"Article":[],"Course":[],"Dataset":[],"FAQPage":[],"Movie":[],"Person":[],"Product":[],"ProductReview":[],"Car":[],"Recipe":[],"Service":[],"SoftwareApplication":[],"WebPage":{"id":"aioseo-web-page-63e5709c4bba7","slug":"web-page","graphName":"WebPage","label":"Web Page","properties":{"type":"WebPage","name":"","description":""}}},"graphName":"WebPage","isEnabled":true},"graphs":[]},"schema_type":"default","schema_type_options":"{\"article\":{\"articleType\":\"BlogPosting\"},\"course\":{\"name\":\"\",\"description\":\"\",\"provider\":\"\"},\"faq\":{\"pages\":[]},\"product\":{\"reviews\":[]},\"recipe\":{\"ingredients\":[],\"instructions\":[],\"keywords\":[]},\"software\":{\"reviews\":[],\"operatingSystems\":[]},\"webPage\":{\"webPageType\":\"WebPage\"}}","pillar_content":false,"robots_default":true,"robots_noindex":false,"robots_noarchive":false,"robots_nosnippet":false,"robots_nofollow":false,"robots_noimageindex":false,"robots_noodp":false,"robots_notranslate":false,"robots_max_snippet":"-1","robots_max_videopreview":"-1","robots_max_imagepreview":"large","priority":null,"frequency":"default","local_seo":null,"seo_analyzer_scan_date":"2025-08-15 04:24:58","limit_modified_date":false,"open_ai":"{\"title\":{\"suggestions\":[],\"usage\":0},\"description\":{\"suggestions\":[],\"usage\":0}}","ai":null,"created":"2022-03-30 21:33:15","updated":"2025-10-21 22:16:40"},"aioseo_breadcrumb":"<div class=\"aioseo-breadcrumbs\"><span class=\"aioseo-breadcrumb\">\n\t<a href=\"https:\/\/www.vitalsmilesga.com\/es\" title=\"Home\">Home<\/a>\n<\/span><span class=\"aioseo-breadcrumb-separator\">&raquo;<\/span><span class=\"aioseo-breadcrumb\">\n\t<a href=\"https:\/\/www.vitalsmilesga.com\/es\/services\/\" title=\"Services\">Services<\/a>\n<\/span><span class=\"aioseo-breadcrumb-separator\">&raquo;<\/span><span class=\"aioseo-breadcrumb\">\n\t<a href=\"https:\/\/www.vitalsmilesga.com\/es\/services\/general-dentist-for-children\/\" title=\"General Dentist for Children\">General Dentist for Children<\/a>\n<\/span><span class=\"aioseo-breadcrumb-separator\">&raquo;<\/span><span class=\"aioseo-breadcrumb\">\n\tFillings\n<\/span><\/div>","aioseo_breadcrumb_json":[{"label":"Home","link":"https:\/\/www.vitalsmilesga.com\/es"},{"label":"Services","link":"https:\/\/www.vitalsmilesga.com\/es\/services\/"},{"label":"General Dentist for Children","link":"https:\/\/www.vitalsmilesga.com\/es\/services\/general-dentist-for-children\/"},{"label":"Fillings","link":"https:\/\/www.vitalsmilesga.com\/es\/services\/general-dentist-for-children\/fillings\/"}],"_links":{"self":[{"href":"https:\/\/www.vitalsmilesga.com\/es\/wp-json\/wp\/v2\/pages\/278","targetHints":{"allow":["GET"]}}],"collection":[{"href":"https:\/\/www.vitalsmilesga.com\/es\/wp-json\/wp\/v2\/pages"}],"about":[{"href":"https:\/\/www.vitalsmilesga.com\/es\/wp-json\/wp\/v2\/types\/page"}],"author":[{"embeddable":true,"href":"https:\/\/www.vitalsmilesga.com\/es\/wp-json\/wp\/v2\/users\/2"}],"replies":[{"embeddable":true,"href":"https:\/\/www.vitalsmilesga.com\/es\/wp-json\/wp\/v2\/comments?post=278"}],"version-history":[{"count":0,"href":"https:\/\/www.vitalsmilesga.com\/es\/wp-json\/wp\/v2\/pages\/278\/revisions"}],"up":[{"embeddable":true,"href":"https:\/\/www.vitalsmilesga.com\/es\/wp-json\/wp\/v2\/pages\/3299"}],"wp:featuredmedia":[{"embeddable":true,"href":"https:\/\/www.vitalsmilesga.com\/es\/wp-json\/wp\/v2\/media\/3527"}],"wp:attachment":[{"href":"https:\/\/www.vitalsmilesga.com\/es\/wp-json\/wp\/v2\/media?parent=278"}],"curies":[{"name":"wp","href":"https:\/\/api.w.org\/{rel}","templated":true}]}}