{"id":281,"date":"2022-03-30T15:34:59","date_gmt":"2022-03-30T21:34:59","guid":{"rendered":"https:\/\/www.vitalsmilesga.com\/?page_id=281"},"modified":"2024-07-30T14:45:15","modified_gmt":"2024-07-30T20:45:15","slug":"extracciones-dentales","status":"publish","type":"page","link":"https:\/\/www.vitalsmilesga.com\/es\/services\/general-dentist-for-children\/extractions\/","title":{"rendered":"Extracciones dentales"},"content":{"rendered":"<h2>Extracciones dentales para ni\u00f1os en Norcross, GA<\/h2>\n<p>Si tu hijo necesita una extracci\u00f3n dental, no te preocupes. Las extracciones no tienen que ser traum\u00e1ticas. Los padres deben mantener una perspectiva positiva y usar un discurso alentador y motivador cuando hablen de visitas dentales y procedimientos con un ni\u00f1o. El equipo de Vital Smiles trabaja diligentemente para crear una maravillosa Kidsperience para cada ni\u00f1o, independientemente de su diagn\u00f3stico y plan de tratamiento. Tambi\u00e9n usamos anest\u00e9sicos y, cuando es justificado, sedaci\u00f3n, para maximizar la comodidad de nuestros j\u00f3venes pacientes.<\/p>\n<blockquote>\n<h5><em> <img loading=\"lazy\" decoding=\"async\" class=\"alignnone wp-image-3764\" src=\"https:\/\/www.vitalsmilesga.com\/wp-content\/uploads\/2024\/07\/lightbulb.png\" alt=\"\" width=\"35\" height=\"35\" srcset=\"https:\/\/www.vitalsmilesga.com\/wp-content\/uploads\/2024\/07\/lightbulb.png 64w, https:\/\/www.vitalsmilesga.com\/wp-content\/uploads\/2024\/07\/lightbulb-12x12.png 12w\" sizes=\"(max-width: 35px) 100vw, 35px\" \/>\u00bfSAB\u00cdAS QU\u00c9? <\/em><\/h5>\n<p> Solo puedes ver aproximadamente \u2153 de tu diente. Los otros \u2154 est\u00e1n escondidos debajo de tus enc\u00edas.<\/em><\/p><\/blockquote>\n<h2>\u00bfCu\u00e1ndo es necesaria una extracci\u00f3n dental?<\/h2>\n<p>Hay varias situaciones en las que el <a href=\"\/es\/servicios\/dentista-general-para-ninos\/\">dentista de tus hijos<\/a> en Norcross recomendar\u00e1 una extracci\u00f3n dental. Estas pueden incluir:<\/p>\n<h3>Un diente que no se puede salvar<\/h3>\n<p>Infecciones significativas, caries, traumas o roturas pueden da\u00f1ar un diente hasta el punto de que no se pueda salvar. Intentamos salvar los dientes permanentes, pero en algunas situaciones, ning\u00fan procedimiento restaurador puede mantener un diente vivo. Si es posible, nuestros dentistas infantiles recomendar\u00e1n terapia de conducto para salvar un diente infectado de una extracci\u00f3n. Un diente que ha muerto o est\u00e1 muriendo debe ser removido para restaurar una buena salud oral y una funci\u00f3n c\u00f3moda.<\/p>\n<h3>Extracciones dentales para la preparaci\u00f3n ortod\u00f3ntica<\/h3>\n<p>Si tu hijo necesita brackets para reposicionar dientes api\u00f1ados, uno o m\u00e1s dientes pueden necesitar ser extra\u00eddos. Es necesario tener suficiente espacio para que todos los dientes est\u00e9n alineados en una fila recta y hermosa. En algunos casos, los ni\u00f1os m\u00e1s peque\u00f1os pueden necesitar un expansor en el arco dental superior para provocar la ampliaci\u00f3n del paladar. Sin embargo, si un expansor no crea un arco lo suficientemente grande o si un ni\u00f1o tiene dientes \"extra\" o \"de tibur\u00f3n\" (uno detr\u00e1s de otro), las extracciones dentales pueden ser necesarias antes de colocar los brackets.<\/p>\n<h3>Dientes de leche que no caen naturalmente<\/h3>\n<p>Alrededor de los cinco a siete a\u00f1os, los ni\u00f1os comienzan a perder los dientes de leche y los dientes permanentes con bordes aparecen en su lugar. Los dientes de leche son importantes porque no solo realizan las tareas de los dientes permanentes, sino que tambi\u00e9n preservan el espacio donde crecer\u00e1n los dientes permanentes. Sin embargo, a veces, los dientes de leche no caen. Pueden morir y tornarse marrones sin aflojarse en el alv\u00e9olo. En algunas situaciones, los dientes de leche permanecen saludables, pero los dientes permanentes emergen detr\u00e1s de ellos. Los dientes de leche tercos que no caen naturalmente necesitar\u00e1n una extracci\u00f3n.<\/p>\n<h3>Eliminaci\u00f3n de dientes extras<\/h3>\n<p>Los ni\u00f1os deber\u00edan tener 20 dientes de leche, que son reemplazados por 32 dientes permanentes (incluidos las 4 muelas del juicio que erupcionan durante la preadolescencia y los primeros a\u00f1os de la adolescencia). Cuando se desarrollan dientes extras, los llamamos dientes supernumerarios. Solo podemos ver los dientes extras que est\u00e1n impactados (o dientes que no han roto las enc\u00edas) tomando radiograf\u00edas. En cualquier caso, se recomienda una extracci\u00f3n para los dientes supernumerarios para reducir el riesgo de hacinamiento dental, problemas ortod\u00f3nticos y cuestiones est\u00e9ticas.<\/p>\n<p>Tanto los dientes de leche como los permanentes pueden morir sin aflojarse ni caerse. Un golpe en la boca puede da\u00f1ar los nervios de los dientes, en cuyo caso los dientes se tornan de un color p\u00farpura a medida que el diente sangra desde el interior. Los dientes muertos siempre deben ser extra\u00eddos para asegurar una buena salud oral, una funci\u00f3n oral c\u00f3moda y una apariencia atractiva.<\/p>\n<h3>Extracci\u00f3n de dientes impactados<\/h3>\n<p>La impactaci\u00f3n es el t\u00e9rmino que usamos para describir dientes que no crecen en su lugar o no erupcionan. Esto lo vemos m\u00e1s a menudo con las muelas del juicio, pero otras anomal\u00edas pueden interferir con la erupci\u00f3n de cualquier diente. Los dientes impactados deben ser removidos para reducir el riesgo de dolores de dientes, enfermedades de las enc\u00edas y el desplazamiento de otros dientes.<\/p>\n<h3>Extracci\u00f3n de muelas del juicio<\/h3>\n<p>La mayor\u00eda de las personas tienen cuatro muelas del juicio que comienzan a erupcionar alrededor de los 11 a 13 a\u00f1os. Con rayos X, podemos ver d\u00f3nde se est\u00e1n formando las muelas del juicio determinar si se desarrollar\u00e1n correctamente o est\u00e1n impactadas. Cabe destacar que no es obligatorio remover las muelas del juicio. Muchas personas tienen muelas del juicio sanas que no causan problemas.<\/p>\n<p>Podemos remover las muelas del juicio durante la adolescencia tard\u00eda o los veinte a\u00f1os tempranos del paciente como medida preventiva contra problemas futuros, como dolores de dientes, api\u00f1amiento, dolores de cabeza y caries. Debido a que las muelas del juicio est\u00e1n en la parte muy posterior de la boca, son dif\u00edciles de mantener limpias y propensas a desarrollar caries dental. Habla con nuestro dentista en Norcross si est\u00e1s preocupado por las muelas del juicio de tu adolescente.<\/p>\n<h2>\u00bfSon adecuadas las extracciones para mi hijo?<\/h2>\n<p>Si nuestro dentista recomienda una extracci\u00f3n dental, cuanto m\u00e1s sepas sobre el procedimiento y el cuidado posterior, m\u00e1s preparado estar\u00e1s para alentar, apoyar y cuidar a tu hijo. Siempre estamos aqu\u00ed para responder preguntas y proporcionar conocimiento, as\u00ed que no dudes en hacer preguntas. \u00a1Esperamos proporcionar una excelente Kidsperience para tu peque\u00f1o en Vital Smiles!<\/p>","protected":false},"excerpt":{"rendered":"<p>Si el dentista de tu hijo en Norcross recomienda extracciones dentales, cuanto m\u00e1s sepas sobre el procedimiento y el cuidado posterior, m\u00e1s preparado estar\u00e1s para animar, apoyar y cuidar a tu hijo. <\/p>","protected":false},"author":2,"featured_media":3551,"parent":3299,"menu_order":0,"comment_status":"closed","ping_status":"closed","template":"","meta":{"_et_pb_use_builder":"","_et_pb_old_content":"","_et_gb_content_width":"","_monsterinsights_skip_tracking":false,"_monsterinsights_sitenote_active":false,"_monsterinsights_sitenote_note":"","_monsterinsights_sitenote_category":0,"footnotes":""},"class_list":["post-281","page","type-page","status-publish","has-post-thumbnail","hentry"],"aioseo_notices":[],"aioseo_head":"\n\t\t<!-- All in One SEO Pro 4.9.5.2 - aioseo.com -->\n\t<meta name=\"description\" content=\"Our dentists and team work diligently to create a wonderful Kidsperience for tooth extractions. We offer anesthesia and sedation.\" \/>\n\t<meta name=\"robots\" content=\"max-image-preview:large\" \/>\n\t<meta name=\"google-site-verification\" content=\"6UR7QRUQ_oEhhEhvYxcy1WFCSIhYRMtTCEFYhSKzyVA\" \/>\n\t<link rel=\"canonical\" href=\"https:\/\/www.vitalsmilesga.com\/es\/services\/general-dentist-for-children\/extractions\/\" \/>\n\t<meta name=\"generator\" content=\"All in One SEO Pro (AIOSEO) 4.9.5.2\" \/>\n\t\t<meta property=\"og:locale\" content=\"es_MX\" \/>\n\t\t<meta property=\"og:site_name\" content=\"Vital Smiles | Our dental office is devoted to serving our community and ensuring everyone has affordable access to dental care. We have several payment options available in addition to dental insurance, including Medicaid and CareCredit.\" \/>\n\t\t<meta property=\"og:type\" content=\"company\" \/>\n\t\t<meta property=\"og:title\" content=\"Extractions in Norcross | Vital Smiles\" \/>\n\t\t<meta property=\"og:description\" content=\"Our dentists and team work diligently to create a wonderful Kidsperience for tooth extractions. We offer anesthesia and sedation.\" \/>\n\t\t<meta property=\"og:url\" content=\"https:\/\/www.vitalsmilesga.com\/es\/services\/general-dentist-for-children\/extractions\/\" \/>\n\t\t<meta property=\"og:image\" content=\"https:\/\/www.vitalsmilesga.com\/wp-content\/uploads\/2024\/05\/MotherandDaughterOnStairs.jpg\" \/>\n\t\t<meta property=\"og:image:secure_url\" content=\"https:\/\/www.vitalsmilesga.com\/wp-content\/uploads\/2024\/05\/MotherandDaughterOnStairs.jpg\" \/>\n\t\t<meta property=\"og:image:width\" content=\"600\" \/>\n\t\t<meta property=\"og:image:height\" content=\"600\" \/>\n\t\t<meta name=\"twitter:card\" content=\"summary_large_image\" \/>\n\t\t<meta name=\"twitter:title\" content=\"Extractions in Norcross | Vital Smiles\" \/>\n\t\t<meta name=\"twitter:description\" content=\"Our dentists and team work diligently to create a wonderful Kidsperience for tooth extractions. We offer anesthesia and sedation.\" \/>\n\t\t<meta name=\"twitter:image\" content=\"https:\/\/www.vitalsmilesga.com\/wp-content\/uploads\/2025\/01\/logo.png\" \/>\n\t\t<script type=\"application\/ld+json\" class=\"aioseo-schema\">\n\t\t\t{\"@context\":\"https:\\\/\\\/schema.org\",\"@graph\":[{\"@type\":\"BreadcrumbList\",\"@id\":\"https:\\\/\\\/www.vitalsmilesga.com\\\/es\\\/services\\\/general-dentist-for-children\\\/extractions\\\/#breadcrumblist\",\"itemListElement\":[{\"@type\":\"ListItem\",\"@id\":\"https:\\\/\\\/www.vitalsmilesga.com\\\/es#listItem\",\"position\":1,\"name\":\"Home\",\"item\":\"https:\\\/\\\/www.vitalsmilesga.com\\\/es\",\"nextItem\":{\"@type\":\"ListItem\",\"@id\":\"https:\\\/\\\/www.vitalsmilesga.com\\\/es\\\/services\\\/#listItem\",\"name\":\"Services\"}},{\"@type\":\"ListItem\",\"@id\":\"https:\\\/\\\/www.vitalsmilesga.com\\\/es\\\/services\\\/#listItem\",\"position\":2,\"name\":\"Services\",\"item\":\"https:\\\/\\\/www.vitalsmilesga.com\\\/es\\\/services\\\/\",\"nextItem\":{\"@type\":\"ListItem\",\"@id\":\"https:\\\/\\\/www.vitalsmilesga.com\\\/es\\\/services\\\/general-dentist-for-children\\\/#listItem\",\"name\":\"General Dentist for Children\"},\"previousItem\":{\"@type\":\"ListItem\",\"@id\":\"https:\\\/\\\/www.vitalsmilesga.com\\\/es#listItem\",\"name\":\"Home\"}},{\"@type\":\"ListItem\",\"@id\":\"https:\\\/\\\/www.vitalsmilesga.com\\\/es\\\/services\\\/general-dentist-for-children\\\/#listItem\",\"position\":3,\"name\":\"General Dentist for Children\",\"item\":\"https:\\\/\\\/www.vitalsmilesga.com\\\/es\\\/services\\\/general-dentist-for-children\\\/\",\"nextItem\":{\"@type\":\"ListItem\",\"@id\":\"https:\\\/\\\/www.vitalsmilesga.com\\\/es\\\/services\\\/general-dentist-for-children\\\/extractions\\\/#listItem\",\"name\":\"Extractions\"},\"previousItem\":{\"@type\":\"ListItem\",\"@id\":\"https:\\\/\\\/www.vitalsmilesga.com\\\/es\\\/services\\\/#listItem\",\"name\":\"Services\"}},{\"@type\":\"ListItem\",\"@id\":\"https:\\\/\\\/www.vitalsmilesga.com\\\/es\\\/services\\\/general-dentist-for-children\\\/extractions\\\/#listItem\",\"position\":4,\"name\":\"Extractions\",\"previousItem\":{\"@type\":\"ListItem\",\"@id\":\"https:\\\/\\\/www.vitalsmilesga.com\\\/es\\\/services\\\/general-dentist-for-children\\\/#listItem\",\"name\":\"General Dentist for Children\"}}]},{\"@type\":\"Organization\",\"@id\":\"https:\\\/\\\/www.vitalsmilesga.com\\\/es\\\/#organization\",\"name\":\"Vital Smiles\",\"description\":\"Our dental office is devoted to serving our community and ensuring everyone has affordable access to dental care. We have several payment options available in addition to dental insurance, including Medicaid and CareCredit.\",\"url\":\"https:\\\/\\\/www.vitalsmilesga.com\\\/es\\\/\",\"telephone\":\"+16788067727\",\"numberOfEmployees\":{\"@type\":\"QuantitativeValue\",\"minValue\":5,\"maxValue\":25},\"logo\":{\"@type\":\"ImageObject\",\"url\":\"https:\\\/\\\/www.vitalsmilesga.com\\\/wp-content\\\/uploads\\\/2025\\\/01\\\/logo.png\",\"@id\":\"https:\\\/\\\/www.vitalsmilesga.com\\\/es\\\/services\\\/general-dentist-for-children\\\/extractions\\\/#organizationLogo\",\"width\":135,\"height\":120},\"image\":{\"@id\":\"https:\\\/\\\/www.vitalsmilesga.com\\\/es\\\/services\\\/general-dentist-for-children\\\/extractions\\\/#organizationLogo\"},\"sameAs\":[\"https:\\\/\\\/www.facebook.com\\\/VitalSmilesGeorgia\"],\"address\":{\"@id\":\"https:\\\/\\\/www.vitalsmilesga.com\\\/es\\\/#postaladdress\",\"@type\":\"PostalAddress\",\"streetAddress\":\"6000 Singleton Rd, Suite 315\",\"postalCode\":\"30093\",\"addressLocality\":\"Norcross\",\"addressRegion\":\"Georgia\",\"addressCountry\":\"US\"}},{\"@type\":\"WebPage\",\"@id\":\"https:\\\/\\\/www.vitalsmilesga.com\\\/es\\\/services\\\/general-dentist-for-children\\\/extractions\\\/#webpage\",\"url\":\"https:\\\/\\\/www.vitalsmilesga.com\\\/es\\\/services\\\/general-dentist-for-children\\\/extractions\\\/\",\"name\":\"Extractions in Norcross | Vital Smiles\",\"description\":\"Our dentists and team work diligently to create a wonderful Kidsperience for tooth extractions. We offer anesthesia and sedation.\",\"inLanguage\":\"es-MX\",\"isPartOf\":{\"@id\":\"https:\\\/\\\/www.vitalsmilesga.com\\\/es\\\/#website\"},\"breadcrumb\":{\"@id\":\"https:\\\/\\\/www.vitalsmilesga.com\\\/es\\\/services\\\/general-dentist-for-children\\\/extractions\\\/#breadcrumblist\"},\"image\":{\"@type\":\"ImageObject\",\"url\":\"https:\\\/\\\/www.vitalsmilesga.com\\\/wp-content\\\/uploads\\\/2024\\\/05\\\/MotherandDaughterOnStairs.jpg\",\"@id\":\"https:\\\/\\\/www.vitalsmilesga.com\\\/es\\\/services\\\/general-dentist-for-children\\\/extractions\\\/#mainImage\",\"width\":600,\"height\":600,\"caption\":\"Mother and Daughter sitting on stairs outside\"},\"primaryImageOfPage\":{\"@id\":\"https:\\\/\\\/www.vitalsmilesga.com\\\/es\\\/services\\\/general-dentist-for-children\\\/extractions\\\/#mainImage\"},\"datePublished\":\"2022-03-30T15:34:59-06:00\",\"dateModified\":\"2024-07-30T14:45:15-06:00\"},{\"@type\":\"WebSite\",\"@id\":\"https:\\\/\\\/www.vitalsmilesga.com\\\/es\\\/#website\",\"url\":\"https:\\\/\\\/www.vitalsmilesga.com\\\/es\\\/\",\"name\":\"Vital Smiles\",\"alternateName\":\"Vital Smiles Norcross\",\"description\":\"Our dental office is devoted to serving our community and ensuring everyone has affordable access to dental care. We have several payment options available in addition to dental insurance, including Medicaid and CareCredit.\",\"inLanguage\":\"es-MX\",\"publisher\":{\"@id\":\"https:\\\/\\\/www.vitalsmilesga.com\\\/es\\\/#organization\"}}]}\n\t\t<\/script>\n\t\t<!-- All in One SEO Pro -->\r\n\t\t<title>Extractions in Norcross | Vital Smiles<\/title>\n\n","aioseo_head_json":{"title":"Extracciones dentales para ni\u00f1os en Norcross | Vital Smiles","description":"Nuestros dentistas y equipo trabajan diligentemente para crear una maravillosa Kidsperience para las extracciones dentales. Ofrecemos anestesia y sedaci\u00f3n.","canonical_url":"https:\/\/www.vitalsmilesga.com\/es\/services\/general-dentist-for-children\/extractions\/","robots":"max-image-preview:large","keywords":"","webmasterTools":{"google-site-verification":"6UR7QRUQ_oEhhEhvYxcy1WFCSIhYRMtTCEFYhSKzyVA","miscellaneous":""},"schema":{"@context":"https:\/\/schema.org","@graph":[{"@type":"BreadcrumbList","@id":"https:\/\/www.vitalsmilesga.com\/es\/services\/general-dentist-for-children\/extractions\/#breadcrumblist","itemListElement":[{"@type":"ListItem","@id":"https:\/\/www.vitalsmilesga.com\/es#listItem","position":1,"name":"Home","item":"https:\/\/www.vitalsmilesga.com\/es","nextItem":{"@type":"ListItem","@id":"https:\/\/www.vitalsmilesga.com\/es\/services\/#listItem","name":"Services"}},{"@type":"ListItem","@id":"https:\/\/www.vitalsmilesga.com\/es\/services\/#listItem","position":2,"name":"Services","item":"https:\/\/www.vitalsmilesga.com\/es\/services\/","nextItem":{"@type":"ListItem","@id":"https:\/\/www.vitalsmilesga.com\/es\/services\/general-dentist-for-children\/#listItem","name":"General Dentist for Children"},"previousItem":{"@type":"ListItem","@id":"https:\/\/www.vitalsmilesga.com\/es#listItem","name":"Home"}},{"@type":"ListItem","@id":"https:\/\/www.vitalsmilesga.com\/es\/services\/general-dentist-for-children\/#listItem","position":3,"name":"General Dentist for Children","item":"https:\/\/www.vitalsmilesga.com\/es\/services\/general-dentist-for-children\/","nextItem":{"@type":"ListItem","@id":"https:\/\/www.vitalsmilesga.com\/es\/services\/general-dentist-for-children\/extractions\/#listItem","name":"Extractions"},"previousItem":{"@type":"ListItem","@id":"https:\/\/www.vitalsmilesga.com\/es\/services\/#listItem","name":"Services"}},{"@type":"ListItem","@id":"https:\/\/www.vitalsmilesga.com\/es\/services\/general-dentist-for-children\/extractions\/#listItem","position":4,"name":"Extractions","previousItem":{"@type":"ListItem","@id":"https:\/\/www.vitalsmilesga.com\/es\/services\/general-dentist-for-children\/#listItem","name":"General Dentist for Children"}}]},{"@type":"Organization","@id":"https:\/\/www.vitalsmilesga.com\/es\/#organization","name":"Vital Smiles","description":"Our dental office is devoted to serving our community and ensuring everyone has affordable access to dental care. We have several payment options available in addition to dental insurance, including Medicaid and CareCredit.","url":"https:\/\/www.vitalsmilesga.com\/es\/","telephone":"+16788067727","numberOfEmployees":{"@type":"QuantitativeValue","minValue":5,"maxValue":25},"logo":{"@type":"ImageObject","url":"https:\/\/www.vitalsmilesga.com\/wp-content\/uploads\/2025\/01\/logo.png","@id":"https:\/\/www.vitalsmilesga.com\/es\/services\/general-dentist-for-children\/extractions\/#organizationLogo","width":135,"height":120},"image":{"@id":"https:\/\/www.vitalsmilesga.com\/es\/services\/general-dentist-for-children\/extractions\/#organizationLogo"},"sameAs":["https:\/\/www.facebook.com\/VitalSmilesGeorgia"],"address":{"@id":"https:\/\/www.vitalsmilesga.com\/es\/#postaladdress","@type":"PostalAddress","streetAddress":"6000 Singleton Rd, Suite 315","postalCode":"30093","addressLocality":"Norcross","addressRegion":"Georgia","addressCountry":"US"}},{"@type":"WebPage","@id":"https:\/\/www.vitalsmilesga.com\/es\/services\/general-dentist-for-children\/extractions\/#webpage","url":"https:\/\/www.vitalsmilesga.com\/es\/services\/general-dentist-for-children\/extractions\/","name":"Extractions in Norcross | Vital Smiles","description":"Our dentists and team work diligently to create a wonderful Kidsperience for tooth extractions. We offer anesthesia and sedation.","inLanguage":"es-MX","isPartOf":{"@id":"https:\/\/www.vitalsmilesga.com\/es\/#website"},"breadcrumb":{"@id":"https:\/\/www.vitalsmilesga.com\/es\/services\/general-dentist-for-children\/extractions\/#breadcrumblist"},"image":{"@type":"ImageObject","url":"https:\/\/www.vitalsmilesga.com\/wp-content\/uploads\/2024\/05\/MotherandDaughterOnStairs.jpg","@id":"https:\/\/www.vitalsmilesga.com\/es\/services\/general-dentist-for-children\/extractions\/#mainImage","width":600,"height":600,"caption":"Mother and Daughter sitting on stairs outside"},"primaryImageOfPage":{"@id":"https:\/\/www.vitalsmilesga.com\/es\/services\/general-dentist-for-children\/extractions\/#mainImage"},"datePublished":"2022-03-30T15:34:59-06:00","dateModified":"2024-07-30T14:45:15-06:00"},{"@type":"WebSite","@id":"https:\/\/www.vitalsmilesga.com\/es\/#website","url":"https:\/\/www.vitalsmilesga.com\/es\/","name":"Vital Smiles","alternateName":"Vital Smiles Norcross","description":"Our dental office is devoted to serving our community and ensuring everyone has affordable access to dental care. We have several payment options available in addition to dental insurance, including Medicaid and CareCredit.","inLanguage":"es-MX","publisher":{"@id":"https:\/\/www.vitalsmilesga.com\/es\/#organization"}}]},"og:locale":"es_MX","og:site_name":"Vital Smiles | Our dental office is devoted to serving our community and ensuring everyone has affordable access to dental care. We have several payment options available in addition to dental insurance, including Medicaid and CareCredit.","og:type":"company","og:title":"Extractions in Norcross | Vital Smiles","og:description":"Our dentists and team work diligently to create a wonderful Kidsperience for tooth extractions. We offer anesthesia and sedation.","og:url":"https:\/\/www.vitalsmilesga.com\/es\/services\/general-dentist-for-children\/extractions\/","og:image":"https:\/\/www.vitalsmilesga.com\/wp-content\/uploads\/2024\/05\/MotherandDaughterOnStairs.jpg","og:image:secure_url":"https:\/\/www.vitalsmilesga.com\/wp-content\/uploads\/2024\/05\/MotherandDaughterOnStairs.jpg","og:image:width":600,"og:image:height":600,"twitter:card":"summary_large_image","twitter:title":"Extractions in Norcross | Vital Smiles","twitter:description":"Our dentists and team work diligently to create a wonderful Kidsperience for tooth extractions. We offer anesthesia and sedation.","twitter:image":"https:\/\/www.vitalsmilesga.com\/wp-content\/uploads\/2025\/01\/logo.png"},"aioseo_meta_data":{"post_id":"281","title":null,"description":null,"keywords":null,"keyphrases":{"focus":{"keyphrase":"Extractions","score":90,"analysis":{"keyphraseInTitle":{"score":9,"maxScore":9,"error":0},"keyphraseInDescription":{"score":3,"maxScore":9,"error":1},"keyphraseLength":{"score":9,"maxScore":9,"error":0,"length":1},"keyphraseInURL":{"score":5,"maxScore":5,"error":0},"keyphraseInIntroduction":{"score":9,"maxScore":9,"error":0},"keyphraseInSubHeadings":{"score":9,"maxScore":9,"error":0},"keyphraseInImageAlt":[],"keywordDensity":{"type":"best","score":9,"maxScore":9,"error":0}}},"additional":[]},"primary_term":null,"canonical_url":null,"og_title":null,"og_description":null,"og_object_type":"default","og_image_type":"default","og_image_url":null,"og_image_width":null,"og_image_height":null,"og_image_custom_url":null,"og_image_custom_fields":null,"og_video":"","og_custom_url":null,"og_article_section":null,"og_article_tags":null,"twitter_use_og":false,"twitter_card":"default","twitter_image_type":"default","twitter_image_url":null,"twitter_image_custom_url":null,"twitter_image_custom_fields":null,"twitter_title":null,"twitter_description":null,"schema":{"blockGraphs":[],"customGraphs":[],"default":{"data":{"Article":[],"Course":[],"Dataset":[],"FAQPage":[],"Movie":[],"Person":[],"Product":[],"ProductReview":[],"Car":[],"Recipe":[],"Service":[],"SoftwareApplication":[],"WebPage":{"id":"aioseo-web-page-63e5709c43197","slug":"web-page","graphName":"WebPage","label":"Web Page","properties":{"type":"WebPage","name":"","description":""}}},"graphName":"WebPage","isEnabled":true},"graphs":[]},"schema_type":"default","schema_type_options":"{\"article\":{\"articleType\":\"BlogPosting\"},\"course\":{\"name\":\"\",\"description\":\"\",\"provider\":\"\"},\"faq\":{\"pages\":[]},\"product\":{\"reviews\":[]},\"recipe\":{\"ingredients\":[],\"instructions\":[],\"keywords\":[]},\"software\":{\"reviews\":[],\"operatingSystems\":[]},\"webPage\":{\"webPageType\":\"WebPage\"}}","pillar_content":false,"robots_default":true,"robots_noindex":false,"robots_noarchive":false,"robots_nosnippet":false,"robots_nofollow":false,"robots_noimageindex":false,"robots_noodp":false,"robots_notranslate":false,"robots_max_snippet":"-1","robots_max_videopreview":"-1","robots_max_imagepreview":"large","priority":null,"frequency":"default","local_seo":null,"seo_analyzer_scan_date":"2025-08-15 04:16:18","limit_modified_date":false,"open_ai":"{\"title\":{\"suggestions\":[],\"usage\":0},\"description\":{\"suggestions\":[],\"usage\":0}}","ai":null,"created":"2022-03-30 21:34:59","updated":"2025-10-21 22:16:40"},"aioseo_breadcrumb":"<div class=\"aioseo-breadcrumbs\"><span class=\"aioseo-breadcrumb\">\n\t<a href=\"https:\/\/www.vitalsmilesga.com\/es\" title=\"Home\">Home<\/a>\n<\/span><span class=\"aioseo-breadcrumb-separator\">&raquo;<\/span><span class=\"aioseo-breadcrumb\">\n\t<a href=\"https:\/\/www.vitalsmilesga.com\/es\/services\/\" title=\"Services\">Services<\/a>\n<\/span><span class=\"aioseo-breadcrumb-separator\">&raquo;<\/span><span class=\"aioseo-breadcrumb\">\n\t<a href=\"https:\/\/www.vitalsmilesga.com\/es\/services\/general-dentist-for-children\/\" title=\"General Dentist for Children\">General Dentist for Children<\/a>\n<\/span><span class=\"aioseo-breadcrumb-separator\">&raquo;<\/span><span class=\"aioseo-breadcrumb\">\n\tExtractions\n<\/span><\/div>","aioseo_breadcrumb_json":[{"label":"Home","link":"https:\/\/www.vitalsmilesga.com\/es"},{"label":"Services","link":"https:\/\/www.vitalsmilesga.com\/es\/services\/"},{"label":"General Dentist for Children","link":"https:\/\/www.vitalsmilesga.com\/es\/services\/general-dentist-for-children\/"},{"label":"Extractions","link":"https:\/\/www.vitalsmilesga.com\/es\/services\/general-dentist-for-children\/extractions\/"}],"_links":{"self":[{"href":"https:\/\/www.vitalsmilesga.com\/es\/wp-json\/wp\/v2\/pages\/281","targetHints":{"allow":["GET"]}}],"collection":[{"href":"https:\/\/www.vitalsmilesga.com\/es\/wp-json\/wp\/v2\/pages"}],"about":[{"href":"https:\/\/www.vitalsmilesga.com\/es\/wp-json\/wp\/v2\/types\/page"}],"author":[{"embeddable":true,"href":"https:\/\/www.vitalsmilesga.com\/es\/wp-json\/wp\/v2\/users\/2"}],"replies":[{"embeddable":true,"href":"https:\/\/www.vitalsmilesga.com\/es\/wp-json\/wp\/v2\/comments?post=281"}],"version-history":[{"count":0,"href":"https:\/\/www.vitalsmilesga.com\/es\/wp-json\/wp\/v2\/pages\/281\/revisions"}],"up":[{"embeddable":true,"href":"https:\/\/www.vitalsmilesga.com\/es\/wp-json\/wp\/v2\/pages\/3299"}],"wp:featuredmedia":[{"embeddable":true,"href":"https:\/\/www.vitalsmilesga.com\/es\/wp-json\/wp\/v2\/media\/3551"}],"wp:attachment":[{"href":"https:\/\/www.vitalsmilesga.com\/es\/wp-json\/wp\/v2\/media?parent=281"}],"curies":[{"name":"wp","href":"https:\/\/api.w.org\/{rel}","templated":true}]}}