{"id":287,"date":"2022-03-30T15:40:11","date_gmt":"2022-03-30T21:40:11","guid":{"rendered":"https:\/\/www.vitalsmilesga.com\/?page_id=287"},"modified":"2024-07-30T14:43:52","modified_gmt":"2024-07-30T20:43:52","slug":"emergencias","status":"publish","type":"page","link":"https:\/\/www.vitalsmilesga.com\/es\/services\/general-dentist-for-children\/emergencies\/","title":{"rendered":"Emergencias"},"content":{"rendered":"<h2>Emergencias dentales infantiles en Norcross, GA<\/h2>\n<p>Emergencias dentales infantiles en Norcross, GA<\/p>\n<h2>Protectores bucales para deportistas<\/h2>\n<p>Todo ni\u00f1o, adolescente o adulto que practique alg\u00fan deporte debe llevar un <a href=\"\/es\/servicios\/cuidado-dental-preventivo\/protectores-bucales-deportivos\/\">protector bucal<\/a> para proteger los dientes y las enc\u00edas, as\u00ed como los aparatos de ortodoncia, de posibles lesiones. Puedes adquirir un protector bucal listo para esterilizar y utilizar en cualquier farmacia o tienda de art\u00edculos deportivos. Si lo prefieres, podemos fabricarte un protector bucal a medida que se ajuste c\u00f3modamente y te proporcione una protecci\u00f3n \u00f3ptima contra los impactos.<\/p>\n<h2>Emergencias dentales infantiles comunes y primeros auxilios<\/h2>\n<h3>Un diente desprendido por golpe<\/h3>\n<p>Si un diente se desprende de la enc\u00eda, \u00a1el tiempo es oro! Localiza el diente y t\u00f3malo por la corona. Procura no tocar la ra\u00edz ni el nervio. Si el diente est\u00e1 cubierto de residuos o suciedad, l\u00edmpialo cuidadosamente con leche. Si el diente est\u00e1 entero, vuelve a insertarlo en la cavidad vac\u00eda. En caso contrario, sumerge el diente en un recipiente con saliva o leche, luego llama y asiste a nuestro consultorio. En algunos casos, un diente golpeado puede reinsertarse permanentemente.<\/p>\n<blockquote>\n<h5><em> <img loading=\"lazy\" decoding=\"async\" class=\"alignnone wp-image-3764\" src=\"https:\/\/www.vitalsmilesga.com\/wp-content\/uploads\/2024\/07\/lightbulb.png\" alt=\"\" width=\"35\" height=\"35\" srcset=\"https:\/\/www.vitalsmilesga.com\/wp-content\/uploads\/2024\/07\/lightbulb.png 64w, https:\/\/www.vitalsmilesga.com\/wp-content\/uploads\/2024\/07\/lightbulb-12x12.png 12w\" sizes=\"(max-width: 35px) 100vw, 35px\" \/>\u00bfSAB\u00cdAS QU\u00c9? <\/em><\/h5>\n<p> La leche puede ayudar a conservar un diente que se ha ca\u00eddo debido a las prote\u00ednas, el az\u00facar y las propiedades antibacterianas que tiene. Esto puede ayudar a mantener tu diente vivo por un corto per\u00edodo de tiempo mientras vas a nuestro consultorio.<\/em><\/p><\/blockquote>\n<h3>Dolor dental<\/h3>\n<p>El dolor dental no es divertido. Si tu hijo se queja de un dolor de diente, enju\u00e1gale primero la boca y que haga buches con agua antes de escupir, luego pasa el hilo dental y vuelve a enjuagarle. Si hay restos alojados entre los dientes, pueden causar dolor dental. El dolor deber\u00eda remitir r\u00e1pidamente una vez eliminados los restos. Si el dolor contin\u00faa, eval\u00faa el nivel de dolor. Si el ni\u00f1o puede comer, jugar e ir al colegio, ll\u00e1manos para agendar una cita. Si el ni\u00f1o no puede dormir, comer o hacer su vida con normalidad, ll\u00e1manos y acude a una cita de urgencia. Una evaluaci\u00f3n revelar\u00e1 la causa del dolor dental de tu hijo, y actuaremos r\u00e1pidamente para aliviar el mismo.<\/p>\n<h3>Diente roto o astillado<\/h3>\n<p>Cuando se rompe o astilla un diente, tu hijo puede sentir dolor o no. Si sangra por la boca, aplica una bolsa de hielo, envuelta en una toalla, en la mejilla o los labios sobre la zona dolorida. Instruye a tu hijo para que se enjuague con agua y haga buches antes de escupir. Llama a nuestro consultorio, explica la situaci\u00f3n y el nivel de dolor de tu hijo, y te indicaremos c\u00f3mo proceder.<\/p>\n<h3>Restos u objetos atascados entre los dientes<\/h3>\n<p>Una causa frecuente de dolor dental es la comida u otros restos atascados entre los dientes. Utiliza hilo dental y enju\u00e1gate la boca. Haz buches con agua y escupe. No utilices palillos ni otros objetos punzantes para desprender los restos. El hilo dental deber\u00eda funcionar. Espera unos instantes para ver si el dolor desaparece. Si el dolor dental persiste, llama a nuestro consultorio para que te indiquemos c\u00f3mo proceder.<\/p>\n<h3>Da\u00f1os en tejidos blandos<\/h3>\n<p>Los tejidos blandos orales abarcan la piel interior y las enc\u00edas de la boca, incluidos los labios. Los cortes en la cabeza tienden a sangrar profusamente. Para controlarlo, localiza el corte y presiona firmemente una gasa limpia contra \u00e9l. Adem\u00e1s, coloca una bolsa de hielo envuelta en una toalla sobre la zona afectada para ayudar a detener la hemorragia y minimizar la hinchaz\u00f3n. Si la hemorragia persiste o la lesi\u00f3n parece grave, busca asistencia m\u00e9dica inmediata llamando al 911 o acudiendo al servicio de urgencias m\u00e1s cercano.<\/p>\n<h2>Ayuda para emergencias dentales en Norcross<\/h2>\n<p>Estamos a tu disposici\u00f3n en caso de una emergencia dental. Guarda nuestro n\u00famero de contacto en tu tel\u00e9fono ahora, ya que los accidentes ocurren en los momentos m\u00e1s inesperados. Si tu hijo tiene un fuerte dolor dental, un diente astillado\/agrietado o se le ha ca\u00eddo un diente, sigue las instrucciones de primeros auxilios de esta p\u00e1gina y ll\u00e1manos.<\/p>\n<p><a href=\"\/es\/contacto\/\">P\u00f3ngase en contacto con nosotros hoy mismo<\/a> para programar una evaluaci\u00f3n, chequeo, limpieza, o consulta de ortodoncia. \u00a1Esperamos verte pronto!<\/p>","protected":false},"excerpt":{"rendered":"<p>Como tu equipo dental infantil de confianza, Vital Smiles quiere darte los conocimientos necesarios para saber c\u00f3mo actuar r\u00e1pidamente en caso de una emergencia dental.<\/p>","protected":false},"author":2,"featured_media":3430,"parent":3299,"menu_order":0,"comment_status":"closed","ping_status":"closed","template":"","meta":{"_et_pb_use_builder":"","_et_pb_old_content":"","_et_gb_content_width":"","_monsterinsights_skip_tracking":false,"_monsterinsights_sitenote_active":false,"_monsterinsights_sitenote_note":"","_monsterinsights_sitenote_category":0,"footnotes":""},"class_list":["post-287","page","type-page","status-publish","has-post-thumbnail","hentry"],"aioseo_notices":[],"aioseo_head":"\n\t\t<!-- All in One SEO Pro 4.9.5.2 - aioseo.com -->\n\t<meta name=\"description\" content=\"As your trusted children\u2019s dental team, we want to give you the knowledge necessary to know how to quickly respond in the event of dental emergencies.\" \/>\n\t<meta name=\"robots\" content=\"max-image-preview:large\" \/>\n\t<meta name=\"google-site-verification\" content=\"6UR7QRUQ_oEhhEhvYxcy1WFCSIhYRMtTCEFYhSKzyVA\" \/>\n\t<link rel=\"canonical\" href=\"https:\/\/www.vitalsmilesga.com\/es\/services\/general-dentist-for-children\/emergencies\/\" \/>\n\t<meta name=\"generator\" content=\"All in One SEO Pro (AIOSEO) 4.9.5.2\" \/>\n\t\t<meta property=\"og:locale\" content=\"es_MX\" \/>\n\t\t<meta property=\"og:site_name\" content=\"Vital Smiles | Our dental office is devoted to serving our community and ensuring everyone has affordable access to dental care. We have several payment options available in addition to dental insurance, including Medicaid and CareCredit.\" \/>\n\t\t<meta property=\"og:type\" content=\"company\" \/>\n\t\t<meta property=\"og:title\" content=\"Emergencies in Norcross | Vital Smiles\" \/>\n\t\t<meta property=\"og:description\" content=\"As your trusted children\u2019s dental team, we want to give you the knowledge necessary to know how to quickly respond in the event of dental emergencies.\" \/>\n\t\t<meta property=\"og:url\" content=\"https:\/\/www.vitalsmilesga.com\/es\/services\/general-dentist-for-children\/emergencies\/\" \/>\n\t\t<meta property=\"og:image\" content=\"https:\/\/www.vitalsmilesga.com\/wp-content\/uploads\/2024\/04\/ChildwithToothPain.jpg\" \/>\n\t\t<meta property=\"og:image:secure_url\" content=\"https:\/\/www.vitalsmilesga.com\/wp-content\/uploads\/2024\/04\/ChildwithToothPain.jpg\" \/>\n\t\t<meta property=\"og:image:width\" content=\"600\" \/>\n\t\t<meta property=\"og:image:height\" content=\"600\" \/>\n\t\t<meta name=\"twitter:card\" content=\"summary_large_image\" \/>\n\t\t<meta name=\"twitter:title\" content=\"Emergencies in Norcross | Vital Smiles\" \/>\n\t\t<meta name=\"twitter:description\" content=\"As your trusted children\u2019s dental team, we want to give you the knowledge necessary to know how to quickly respond in the event of dental emergencies.\" \/>\n\t\t<meta name=\"twitter:image\" content=\"https:\/\/www.vitalsmilesga.com\/wp-content\/uploads\/2025\/01\/logo.png\" \/>\n\t\t<script type=\"application\/ld+json\" class=\"aioseo-schema\">\n\t\t\t{\"@context\":\"https:\\\/\\\/schema.org\",\"@graph\":[{\"@type\":\"BreadcrumbList\",\"@id\":\"https:\\\/\\\/www.vitalsmilesga.com\\\/es\\\/services\\\/general-dentist-for-children\\\/emergencies\\\/#breadcrumblist\",\"itemListElement\":[{\"@type\":\"ListItem\",\"@id\":\"https:\\\/\\\/www.vitalsmilesga.com\\\/es#listItem\",\"position\":1,\"name\":\"Home\",\"item\":\"https:\\\/\\\/www.vitalsmilesga.com\\\/es\",\"nextItem\":{\"@type\":\"ListItem\",\"@id\":\"https:\\\/\\\/www.vitalsmilesga.com\\\/es\\\/services\\\/#listItem\",\"name\":\"Services\"}},{\"@type\":\"ListItem\",\"@id\":\"https:\\\/\\\/www.vitalsmilesga.com\\\/es\\\/services\\\/#listItem\",\"position\":2,\"name\":\"Services\",\"item\":\"https:\\\/\\\/www.vitalsmilesga.com\\\/es\\\/services\\\/\",\"nextItem\":{\"@type\":\"ListItem\",\"@id\":\"https:\\\/\\\/www.vitalsmilesga.com\\\/es\\\/services\\\/general-dentist-for-children\\\/#listItem\",\"name\":\"General Dentist for Children\"},\"previousItem\":{\"@type\":\"ListItem\",\"@id\":\"https:\\\/\\\/www.vitalsmilesga.com\\\/es#listItem\",\"name\":\"Home\"}},{\"@type\":\"ListItem\",\"@id\":\"https:\\\/\\\/www.vitalsmilesga.com\\\/es\\\/services\\\/general-dentist-for-children\\\/#listItem\",\"position\":3,\"name\":\"General Dentist for Children\",\"item\":\"https:\\\/\\\/www.vitalsmilesga.com\\\/es\\\/services\\\/general-dentist-for-children\\\/\",\"nextItem\":{\"@type\":\"ListItem\",\"@id\":\"https:\\\/\\\/www.vitalsmilesga.com\\\/es\\\/services\\\/general-dentist-for-children\\\/emergencies\\\/#listItem\",\"name\":\"Emergencies\"},\"previousItem\":{\"@type\":\"ListItem\",\"@id\":\"https:\\\/\\\/www.vitalsmilesga.com\\\/es\\\/services\\\/#listItem\",\"name\":\"Services\"}},{\"@type\":\"ListItem\",\"@id\":\"https:\\\/\\\/www.vitalsmilesga.com\\\/es\\\/services\\\/general-dentist-for-children\\\/emergencies\\\/#listItem\",\"position\":4,\"name\":\"Emergencies\",\"previousItem\":{\"@type\":\"ListItem\",\"@id\":\"https:\\\/\\\/www.vitalsmilesga.com\\\/es\\\/services\\\/general-dentist-for-children\\\/#listItem\",\"name\":\"General Dentist for Children\"}}]},{\"@type\":\"Organization\",\"@id\":\"https:\\\/\\\/www.vitalsmilesga.com\\\/es\\\/#organization\",\"name\":\"Vital Smiles\",\"description\":\"Our dental office is devoted to serving our community and ensuring everyone has affordable access to dental care. We have several payment options available in addition to dental insurance, including Medicaid and CareCredit.\",\"url\":\"https:\\\/\\\/www.vitalsmilesga.com\\\/es\\\/\",\"telephone\":\"+16788067727\",\"numberOfEmployees\":{\"@type\":\"QuantitativeValue\",\"minValue\":5,\"maxValue\":25},\"logo\":{\"@type\":\"ImageObject\",\"url\":\"https:\\\/\\\/www.vitalsmilesga.com\\\/wp-content\\\/uploads\\\/2025\\\/01\\\/logo.png\",\"@id\":\"https:\\\/\\\/www.vitalsmilesga.com\\\/es\\\/services\\\/general-dentist-for-children\\\/emergencies\\\/#organizationLogo\",\"width\":135,\"height\":120},\"image\":{\"@id\":\"https:\\\/\\\/www.vitalsmilesga.com\\\/es\\\/services\\\/general-dentist-for-children\\\/emergencies\\\/#organizationLogo\"},\"sameAs\":[\"https:\\\/\\\/www.facebook.com\\\/VitalSmilesGeorgia\"],\"address\":{\"@id\":\"https:\\\/\\\/www.vitalsmilesga.com\\\/es\\\/#postaladdress\",\"@type\":\"PostalAddress\",\"streetAddress\":\"6000 Singleton Rd, Suite 315\",\"postalCode\":\"30093\",\"addressLocality\":\"Norcross\",\"addressRegion\":\"Georgia\",\"addressCountry\":\"US\"}},{\"@type\":\"WebPage\",\"@id\":\"https:\\\/\\\/www.vitalsmilesga.com\\\/es\\\/services\\\/general-dentist-for-children\\\/emergencies\\\/#webpage\",\"url\":\"https:\\\/\\\/www.vitalsmilesga.com\\\/es\\\/services\\\/general-dentist-for-children\\\/emergencies\\\/\",\"name\":\"Emergencies in Norcross | Vital Smiles\",\"description\":\"As your trusted children\\u2019s dental team, we want to give you the knowledge necessary to know how to quickly respond in the event of dental emergencies.\",\"inLanguage\":\"es-MX\",\"isPartOf\":{\"@id\":\"https:\\\/\\\/www.vitalsmilesga.com\\\/es\\\/#website\"},\"breadcrumb\":{\"@id\":\"https:\\\/\\\/www.vitalsmilesga.com\\\/es\\\/services\\\/general-dentist-for-children\\\/emergencies\\\/#breadcrumblist\"},\"image\":{\"@type\":\"ImageObject\",\"url\":\"https:\\\/\\\/www.vitalsmilesga.com\\\/wp-content\\\/uploads\\\/2024\\\/04\\\/ChildwithToothPain.jpg\",\"@id\":\"https:\\\/\\\/www.vitalsmilesga.com\\\/es\\\/services\\\/general-dentist-for-children\\\/emergencies\\\/#mainImage\",\"width\":600,\"height\":600,\"caption\":\"Young Boy experiencing tooth pain.\"},\"primaryImageOfPage\":{\"@id\":\"https:\\\/\\\/www.vitalsmilesga.com\\\/es\\\/services\\\/general-dentist-for-children\\\/emergencies\\\/#mainImage\"},\"datePublished\":\"2022-03-30T15:40:11-06:00\",\"dateModified\":\"2024-07-30T14:43:52-06:00\"},{\"@type\":\"WebSite\",\"@id\":\"https:\\\/\\\/www.vitalsmilesga.com\\\/es\\\/#website\",\"url\":\"https:\\\/\\\/www.vitalsmilesga.com\\\/es\\\/\",\"name\":\"Vital Smiles\",\"alternateName\":\"Vital Smiles Norcross\",\"description\":\"Our dental office is devoted to serving our community and ensuring everyone has affordable access to dental care. We have several payment options available in addition to dental insurance, including Medicaid and CareCredit.\",\"inLanguage\":\"es-MX\",\"publisher\":{\"@id\":\"https:\\\/\\\/www.vitalsmilesga.com\\\/es\\\/#organization\"}}]}\n\t\t<\/script>\n\t\t<!-- All in One SEO Pro -->\r\n\t\t<title>Emergencies in Norcross | Vital Smiles<\/title>\n\n","aioseo_head_json":{"title":"Emergencias dentales infantiles en Norcross | Vital Smiles","description":"Como tu equipo dental infantil de confianza, queremos darte los conocimientos necesarios para saber actuar r\u00e1pidamente en caso de emergencias dentales.","canonical_url":"https:\/\/www.vitalsmilesga.com\/es\/services\/general-dentist-for-children\/emergencies\/","robots":"max-image-preview:large","keywords":"","webmasterTools":{"google-site-verification":"6UR7QRUQ_oEhhEhvYxcy1WFCSIhYRMtTCEFYhSKzyVA","miscellaneous":""},"schema":{"@context":"https:\/\/schema.org","@graph":[{"@type":"BreadcrumbList","@id":"https:\/\/www.vitalsmilesga.com\/es\/services\/general-dentist-for-children\/emergencies\/#breadcrumblist","itemListElement":[{"@type":"ListItem","@id":"https:\/\/www.vitalsmilesga.com\/es#listItem","position":1,"name":"Home","item":"https:\/\/www.vitalsmilesga.com\/es","nextItem":{"@type":"ListItem","@id":"https:\/\/www.vitalsmilesga.com\/es\/services\/#listItem","name":"Services"}},{"@type":"ListItem","@id":"https:\/\/www.vitalsmilesga.com\/es\/services\/#listItem","position":2,"name":"Services","item":"https:\/\/www.vitalsmilesga.com\/es\/services\/","nextItem":{"@type":"ListItem","@id":"https:\/\/www.vitalsmilesga.com\/es\/services\/general-dentist-for-children\/#listItem","name":"General Dentist for Children"},"previousItem":{"@type":"ListItem","@id":"https:\/\/www.vitalsmilesga.com\/es#listItem","name":"Home"}},{"@type":"ListItem","@id":"https:\/\/www.vitalsmilesga.com\/es\/services\/general-dentist-for-children\/#listItem","position":3,"name":"General Dentist for Children","item":"https:\/\/www.vitalsmilesga.com\/es\/services\/general-dentist-for-children\/","nextItem":{"@type":"ListItem","@id":"https:\/\/www.vitalsmilesga.com\/es\/services\/general-dentist-for-children\/emergencies\/#listItem","name":"Emergencies"},"previousItem":{"@type":"ListItem","@id":"https:\/\/www.vitalsmilesga.com\/es\/services\/#listItem","name":"Services"}},{"@type":"ListItem","@id":"https:\/\/www.vitalsmilesga.com\/es\/services\/general-dentist-for-children\/emergencies\/#listItem","position":4,"name":"Emergencies","previousItem":{"@type":"ListItem","@id":"https:\/\/www.vitalsmilesga.com\/es\/services\/general-dentist-for-children\/#listItem","name":"General Dentist for Children"}}]},{"@type":"Organization","@id":"https:\/\/www.vitalsmilesga.com\/es\/#organization","name":"Vital Smiles","description":"Our dental office is devoted to serving our community and ensuring everyone has affordable access to dental care. We have several payment options available in addition to dental insurance, including Medicaid and CareCredit.","url":"https:\/\/www.vitalsmilesga.com\/es\/","telephone":"+16788067727","numberOfEmployees":{"@type":"QuantitativeValue","minValue":5,"maxValue":25},"logo":{"@type":"ImageObject","url":"https:\/\/www.vitalsmilesga.com\/wp-content\/uploads\/2025\/01\/logo.png","@id":"https:\/\/www.vitalsmilesga.com\/es\/services\/general-dentist-for-children\/emergencies\/#organizationLogo","width":135,"height":120},"image":{"@id":"https:\/\/www.vitalsmilesga.com\/es\/services\/general-dentist-for-children\/emergencies\/#organizationLogo"},"sameAs":["https:\/\/www.facebook.com\/VitalSmilesGeorgia"],"address":{"@id":"https:\/\/www.vitalsmilesga.com\/es\/#postaladdress","@type":"PostalAddress","streetAddress":"6000 Singleton Rd, Suite 315","postalCode":"30093","addressLocality":"Norcross","addressRegion":"Georgia","addressCountry":"US"}},{"@type":"WebPage","@id":"https:\/\/www.vitalsmilesga.com\/es\/services\/general-dentist-for-children\/emergencies\/#webpage","url":"https:\/\/www.vitalsmilesga.com\/es\/services\/general-dentist-for-children\/emergencies\/","name":"Emergencies in Norcross | Vital Smiles","description":"As your trusted children\u2019s dental team, we want to give you the knowledge necessary to know how to quickly respond in the event of dental emergencies.","inLanguage":"es-MX","isPartOf":{"@id":"https:\/\/www.vitalsmilesga.com\/es\/#website"},"breadcrumb":{"@id":"https:\/\/www.vitalsmilesga.com\/es\/services\/general-dentist-for-children\/emergencies\/#breadcrumblist"},"image":{"@type":"ImageObject","url":"https:\/\/www.vitalsmilesga.com\/wp-content\/uploads\/2024\/04\/ChildwithToothPain.jpg","@id":"https:\/\/www.vitalsmilesga.com\/es\/services\/general-dentist-for-children\/emergencies\/#mainImage","width":600,"height":600,"caption":"Young Boy experiencing tooth pain."},"primaryImageOfPage":{"@id":"https:\/\/www.vitalsmilesga.com\/es\/services\/general-dentist-for-children\/emergencies\/#mainImage"},"datePublished":"2022-03-30T15:40:11-06:00","dateModified":"2024-07-30T14:43:52-06:00"},{"@type":"WebSite","@id":"https:\/\/www.vitalsmilesga.com\/es\/#website","url":"https:\/\/www.vitalsmilesga.com\/es\/","name":"Vital Smiles","alternateName":"Vital Smiles Norcross","description":"Our dental office is devoted to serving our community and ensuring everyone has affordable access to dental care. We have several payment options available in addition to dental insurance, including Medicaid and CareCredit.","inLanguage":"es-MX","publisher":{"@id":"https:\/\/www.vitalsmilesga.com\/es\/#organization"}}]},"og:locale":"es_MX","og:site_name":"Vital Smiles | Our dental office is devoted to serving our community and ensuring everyone has affordable access to dental care. We have several payment options available in addition to dental insurance, including Medicaid and CareCredit.","og:type":"company","og:title":"Emergencies in Norcross | Vital Smiles","og:description":"As your trusted children\u2019s dental team, we want to give you the knowledge necessary to know how to quickly respond in the event of dental emergencies.","og:url":"https:\/\/www.vitalsmilesga.com\/es\/services\/general-dentist-for-children\/emergencies\/","og:image":"https:\/\/www.vitalsmilesga.com\/wp-content\/uploads\/2024\/04\/ChildwithToothPain.jpg","og:image:secure_url":"https:\/\/www.vitalsmilesga.com\/wp-content\/uploads\/2024\/04\/ChildwithToothPain.jpg","og:image:width":600,"og:image:height":600,"twitter:card":"summary_large_image","twitter:title":"Emergencies in Norcross | Vital Smiles","twitter:description":"As your trusted children\u2019s dental team, we want to give you the knowledge necessary to know how to quickly respond in the event of dental emergencies.","twitter:image":"https:\/\/www.vitalsmilesga.com\/wp-content\/uploads\/2025\/01\/logo.png"},"aioseo_meta_data":{"post_id":"287","title":null,"description":null,"keywords":null,"keyphrases":{"focus":{"keyphrase":"Emergencies","score":74,"analysis":{"keyphraseInTitle":{"score":9,"maxScore":9,"error":0},"keyphraseInDescription":{"score":3,"maxScore":9,"error":1},"keyphraseLength":{"score":9,"maxScore":9,"error":0,"length":1},"keyphraseInURL":{"score":5,"maxScore":5,"error":0},"keyphraseInIntroduction":{"score":3,"maxScore":9,"error":1},"keyphraseInSubHeadings":{"score":9,"maxScore":9,"error":0},"keyphraseInImageAlt":{"score":3,"maxScore":9,"error":1},"keywordDensity":{"type":"best","score":9,"maxScore":9,"error":0}}},"additional":[]},"primary_term":null,"canonical_url":null,"og_title":null,"og_description":null,"og_object_type":"default","og_image_type":"default","og_image_url":null,"og_image_width":null,"og_image_height":null,"og_image_custom_url":null,"og_image_custom_fields":null,"og_video":"","og_custom_url":null,"og_article_section":null,"og_article_tags":null,"twitter_use_og":false,"twitter_card":"default","twitter_image_type":"default","twitter_image_url":null,"twitter_image_custom_url":null,"twitter_image_custom_fields":null,"twitter_title":null,"twitter_description":null,"schema":{"blockGraphs":[],"customGraphs":[],"default":{"data":{"Article":[],"Course":[],"Dataset":[],"FAQPage":[],"Movie":[],"Person":[],"Product":[],"ProductReview":[],"Car":[],"Recipe":[],"Service":[],"SoftwareApplication":[],"WebPage":{"id":"aioseo-web-page-63e5709c3f953","slug":"web-page","graphName":"WebPage","label":"Web Page","properties":{"type":"WebPage","name":"","description":""}}},"graphName":"WebPage","isEnabled":true},"graphs":[]},"schema_type":"default","schema_type_options":"{\"article\":{\"articleType\":\"BlogPosting\"},\"course\":{\"name\":\"\",\"description\":\"\",\"provider\":\"\"},\"faq\":{\"pages\":[]},\"product\":{\"reviews\":[]},\"recipe\":{\"ingredients\":[],\"instructions\":[],\"keywords\":[]},\"software\":{\"reviews\":[],\"operatingSystems\":[]},\"webPage\":{\"webPageType\":\"WebPage\"}}","pillar_content":false,"robots_default":true,"robots_noindex":false,"robots_noarchive":false,"robots_nosnippet":false,"robots_nofollow":false,"robots_noimageindex":false,"robots_noodp":false,"robots_notranslate":false,"robots_max_snippet":"-1","robots_max_videopreview":"-1","robots_max_imagepreview":"large","priority":null,"frequency":"default","local_seo":null,"seo_analyzer_scan_date":"2025-08-15 04:22:47","limit_modified_date":false,"open_ai":"{\"title\":{\"suggestions\":[],\"usage\":0},\"description\":{\"suggestions\":[],\"usage\":0}}","ai":null,"created":"2022-03-30 21:40:11","updated":"2025-10-21 22:16:40"},"aioseo_breadcrumb":"<div class=\"aioseo-breadcrumbs\"><span class=\"aioseo-breadcrumb\">\n\t<a href=\"https:\/\/www.vitalsmilesga.com\/es\" title=\"Home\">Home<\/a>\n<\/span><span class=\"aioseo-breadcrumb-separator\">&raquo;<\/span><span class=\"aioseo-breadcrumb\">\n\t<a href=\"https:\/\/www.vitalsmilesga.com\/es\/services\/\" title=\"Services\">Services<\/a>\n<\/span><span class=\"aioseo-breadcrumb-separator\">&raquo;<\/span><span class=\"aioseo-breadcrumb\">\n\t<a href=\"https:\/\/www.vitalsmilesga.com\/es\/services\/general-dentist-for-children\/\" title=\"General Dentist for Children\">General Dentist for Children<\/a>\n<\/span><span class=\"aioseo-breadcrumb-separator\">&raquo;<\/span><span class=\"aioseo-breadcrumb\">\n\tEmergencies\n<\/span><\/div>","aioseo_breadcrumb_json":[{"label":"Home","link":"https:\/\/www.vitalsmilesga.com\/es"},{"label":"Services","link":"https:\/\/www.vitalsmilesga.com\/es\/services\/"},{"label":"General Dentist for Children","link":"https:\/\/www.vitalsmilesga.com\/es\/services\/general-dentist-for-children\/"},{"label":"Emergencies","link":"https:\/\/www.vitalsmilesga.com\/es\/services\/general-dentist-for-children\/emergencies\/"}],"_links":{"self":[{"href":"https:\/\/www.vitalsmilesga.com\/es\/wp-json\/wp\/v2\/pages\/287","targetHints":{"allow":["GET"]}}],"collection":[{"href":"https:\/\/www.vitalsmilesga.com\/es\/wp-json\/wp\/v2\/pages"}],"about":[{"href":"https:\/\/www.vitalsmilesga.com\/es\/wp-json\/wp\/v2\/types\/page"}],"author":[{"embeddable":true,"href":"https:\/\/www.vitalsmilesga.com\/es\/wp-json\/wp\/v2\/users\/2"}],"replies":[{"embeddable":true,"href":"https:\/\/www.vitalsmilesga.com\/es\/wp-json\/wp\/v2\/comments?post=287"}],"version-history":[{"count":0,"href":"https:\/\/www.vitalsmilesga.com\/es\/wp-json\/wp\/v2\/pages\/287\/revisions"}],"up":[{"embeddable":true,"href":"https:\/\/www.vitalsmilesga.com\/es\/wp-json\/wp\/v2\/pages\/3299"}],"wp:featuredmedia":[{"embeddable":true,"href":"https:\/\/www.vitalsmilesga.com\/es\/wp-json\/wp\/v2\/media\/3430"}],"wp:attachment":[{"href":"https:\/\/www.vitalsmilesga.com\/es\/wp-json\/wp\/v2\/media?parent=287"}],"curies":[{"name":"wp","href":"https:\/\/api.w.org\/{rel}","templated":true}]}}