{"id":3402,"date":"2024-04-10T12:05:29","date_gmt":"2024-04-10T18:05:29","guid":{"rendered":"https:\/\/www.vitalsmilesga.com\/?page_id=3402"},"modified":"2024-07-30T14:55:50","modified_gmt":"2024-07-30T20:55:50","slug":"odontologia-infantil","status":"publish","type":"page","link":"https:\/\/www.vitalsmilesga.com\/es\/services\/infant-toddler-dentistry\/","title":{"rendered":"Odontolog\u00eda para beb\u00e9s y ni\u00f1os peque\u00f1os"},"content":{"rendered":"<h2>Odontolog\u00eda infantil en Norcross, GA<\/h2>\n<p>\u00bfEres el padre o la madre de un beb\u00e9 o un ni\u00f1o peque\u00f1o y te preguntas c\u00f3mo proteger su hermosa sonrisa? Esa sonrisita crecer\u00e1 y se desarrollar\u00e1 en los pr\u00f3ximos a\u00f1os, pero siempre ser\u00e1 la \u00fanica y especial de tu hijo. En Lone Peak Dental Group estamos a tu disposici\u00f3n para garantizar una buena salud bucodental ahora y en los a\u00f1os venideros. Nuestros <a href=\"\/es\/servicios\/dentista-general-para-ninos\/\">dentistas infantiles<\/a> proporcionan una atenci\u00f3n odontol\u00f3gica delicada a beb\u00e9s y ni\u00f1os peque\u00f1os, as\u00ed como formaci\u00f3n para ayudar a los padres a cuidar con esmero de esas sonrisitas entre cita y cita con el dentista.<\/p>\n<blockquote>\n<h5><em><img loading=\"lazy\" decoding=\"async\" class=\"alignnone wp-image-3764\" src=\"https:\/\/www.vitalsmilesga.com\/wp-content\/uploads\/2024\/07\/lightbulb.png\" alt=\"\" width=\"35\" height=\"35\" srcset=\"https:\/\/www.vitalsmilesga.com\/wp-content\/uploads\/2024\/07\/lightbulb.png 64w, https:\/\/www.vitalsmilesga.com\/wp-content\/uploads\/2024\/07\/lightbulb-12x12.png 12w\" sizes=\"(max-width: 35px) 100vw, 35px\" \/>\u00bfSAB\u00cdAS QU\u00c9?<\/em><\/h5>\n<p> En la boca de tu peque\u00f1o acabar\u00e1n apareciendo 20 dientes de leche y, en el futuro, 32 dientes permanentes, incluidas las muelas del juicio. <\/em><\/p><\/blockquote>\n<h2>Atenci\u00f3n dental infantil<\/h2>\n<p>Los beb\u00e9s nacen sin dientes y sin las bacterias que provocan las caries, pero igualmente necesitan cuidados preventivos orales. Despu\u00e9s de darle de comer, limpia suavemente las enc\u00edas del beb\u00e9 con un pa\u00f1o suave y h\u00famedo. Si observas enrojecimiento o manchas blancas en los tejidos blandos de la boca del lactante, es posible que tenga candidiasis bucal. La candidiasis bucal, una infecci\u00f3n por hongos, suele aparecer como consecuencia de una succi\u00f3n prolongada. Aunque no suele ser dolorosa y normalmente desaparece en unos d\u00edas, tu pediatra puede recetarte medicamentos antimic\u00f3ticos que se aplican directamente en las zonas afectadas.<\/p>\n<p>Entre los cuatro y los ocho meses de edad, al beb\u00e9 le aparecer\u00e1n los dientes centrales inferiores, seguidos de los centrales superiores. La salida de los dientes, o dentici\u00f3n, puede ser una experiencia dolorosa, pero todos los beb\u00e9s (y los padres) pasan por ella. Frota las enc\u00edas de tu hijo con tu dedo \u00edndice limpio o dale un juguete para la dentici\u00f3n. Masticar un pa\u00f1o limpio mojado en agua fr\u00eda tambi\u00e9n alivia. Los geles y pomadas para la dentici\u00f3n que se venden sin receta m\u00e9dica tienen un efecto adormecedor que alivia las molestias.<\/p>\n<p>Nunca jam\u00e1s acuestes al beb\u00e9 con un biber\u00f3n en la boca, a menos que contenga \u00fanicamente agua. Si sigues esta regla, evitar\u00e1s una dolorosa afecci\u00f3n conocida como caries del biber\u00f3n. La exposici\u00f3n prolongada a leche, zumos y otras bebidas provoca caries muy serias.<\/p>\n<p>La salida del primer diente anuncia la visita al dentista. Trae a tu hijo para que le hagamos una <a href=\"\/es\/servicios\/cuidado-dental-preventivo\/examenes-dentales-para-ninos\/\">revisi\u00f3n dental<\/a>. Nuestro dentista pedi\u00e1trico puede responder todas sus preguntas y abordar sus inquietudes sobre la salud oral y el cuidado de los beb\u00e9s. Si identificamos alguna anomal\u00eda durante el examen, el dentista le explicar\u00e1 sus hallazgos y recomendaciones de tratamiento.<\/p>\n<h2>Cuidado dental en ni\u00f1os peque\u00f1os<\/h2>\n<p>Tu hijo peque\u00f1o tambi\u00e9n comenzar\u00e1 con <a href=\"\/es\/servicios\/odontologia-infantil\/teething\/\">la dentici\u00f3n<\/a>. Un tip adicional para la dentici\u00f3n en beb\u00e9s, puede utilizar medidas de distracci\u00f3n o consuelo, como abrazarlos, para ayudarlo a desviar su atenci\u00f3n de la molestia.<\/p>\n<p>Tu hijo puede <a href=\"\/es\/servicios\/odontologia-infantil\/succion-del-pulgar\/\">chuparse el dedo<\/a> o utilizar <a href=\"\/es\/servicios\/odontologia-infantil\/pacifiers\/\">un chupete<\/a>. Este comportamiento deber\u00eda reducirse a los tres a\u00f1os y detenerse por completo a los cinco a\u00f1os. Nuestro dentista pedi\u00e1trico en Norcross puede ofrecer consejos y recomendaciones para ayudar.<\/p>\n<p>Lleva a tu hijo a una revisi\u00f3n dental dos veces al a\u00f1o. Utiliza un lenguaje corporal y verbal positivo para fomentar una buena actitud ante las visitas al dentista. Todos los miembros de nuestro equipo toman medidas especiales para que los beb\u00e9s y ni\u00f1os peque\u00f1os se sientan c\u00f3modos. A tu hijo le gustar\u00e1 la decoraci\u00f3n y el ambiente juguet\u00f3n de nuestra consulta, y aconsejamos a los padres que traigan objetos que les reconforten, como un mu\u00f1eco o una manta.<\/p>\n<h2>Atenci\u00f3n dental para beb\u00e9s y ni\u00f1os peque\u00f1os<\/h2>\n<p>El objetivo de Vital Smiles es crear un entorno acogedor, afectuoso y divertido para los peque\u00f1os. Todos los miembros de nuestro equipo adoran a los ni\u00f1os y disfrutan ense\u00f1ando a los padres los conocimientos de odontolog\u00eda que necesitan para atender mejor a sus hijos. <a href=\"\/es\/contacto\/\">Contacta con nuestra consulta hoy<\/a> reserva la primera cita de tu hijo en Vital Smiles.<\/p>","protected":false},"excerpt":{"rendered":"<p>El equipo de Vital Smiles adora a los ni\u00f1os y disfruta ense\u00f1ando a los padres conocimientos sobre odontolog\u00eda infantil. Te ayudaremos a cuidar la salud bucal de tu beb\u00e9 durante sus primeros a\u00f1os de vida.  <\/p>","protected":false},"author":2,"featured_media":3526,"parent":45,"menu_order":0,"comment_status":"closed","ping_status":"closed","template":"","meta":{"_et_pb_use_builder":"","_et_pb_old_content":"","_et_gb_content_width":"","_monsterinsights_skip_tracking":false,"_monsterinsights_sitenote_active":false,"_monsterinsights_sitenote_note":"","_monsterinsights_sitenote_category":0,"footnotes":""},"class_list":["post-3402","page","type-page","status-publish","has-post-thumbnail","hentry"],"aioseo_notices":[],"aioseo_head":"\n\t\t<!-- All in One SEO Pro 4.9.5.2 - aioseo.com -->\n\t<meta name=\"description\" content=\"Our children\u2019s dentists offer gentle infant and toddler dental care and training to help parents take excellent care of little smiles between visits.\" \/>\n\t<meta name=\"robots\" content=\"max-image-preview:large\" \/>\n\t<meta name=\"google-site-verification\" content=\"6UR7QRUQ_oEhhEhvYxcy1WFCSIhYRMtTCEFYhSKzyVA\" \/>\n\t<link rel=\"canonical\" href=\"https:\/\/www.vitalsmilesga.com\/es\/services\/infant-toddler-dentistry\/\" \/>\n\t<meta name=\"generator\" content=\"All in One SEO Pro (AIOSEO) 4.9.5.2\" \/>\n\t\t<meta property=\"og:locale\" content=\"es_MX\" \/>\n\t\t<meta property=\"og:site_name\" content=\"Vital Smiles | Our dental office is devoted to serving our community and ensuring everyone has affordable access to dental care. We have several payment options available in addition to dental insurance, including Medicaid and CareCredit.\" \/>\n\t\t<meta property=\"og:type\" content=\"company\" \/>\n\t\t<meta property=\"og:title\" content=\"Infant &amp; Toddler Dentistry in Norcross | Vital Smiles\" \/>\n\t\t<meta property=\"og:description\" content=\"Our children\u2019s dentists offer gentle infant and toddler dental care and training to help parents take excellent care of little smiles between visits.\" \/>\n\t\t<meta property=\"og:url\" content=\"https:\/\/www.vitalsmilesga.com\/es\/services\/infant-toddler-dentistry\/\" \/>\n\t\t<meta property=\"og:image\" content=\"https:\/\/www.vitalsmilesga.com\/wp-content\/uploads\/2024\/04\/ToddlerBrushingTeeth.jpg\" \/>\n\t\t<meta property=\"og:image:secure_url\" content=\"https:\/\/www.vitalsmilesga.com\/wp-content\/uploads\/2024\/04\/ToddlerBrushingTeeth.jpg\" \/>\n\t\t<meta property=\"og:image:width\" content=\"600\" \/>\n\t\t<meta property=\"og:image:height\" content=\"600\" \/>\n\t\t<meta name=\"twitter:card\" content=\"summary_large_image\" \/>\n\t\t<meta name=\"twitter:title\" content=\"Infant &amp; Toddler Dentistry in Norcross | Vital Smiles\" \/>\n\t\t<meta name=\"twitter:description\" content=\"Our children\u2019s dentists offer gentle infant and toddler dental care and training to help parents take excellent care of little smiles between visits.\" \/>\n\t\t<meta name=\"twitter:image\" content=\"https:\/\/www.vitalsmilesga.com\/wp-content\/uploads\/2025\/01\/logo.png\" \/>\n\t\t<script type=\"application\/ld+json\" class=\"aioseo-schema\">\n\t\t\t{\"@context\":\"https:\\\/\\\/schema.org\",\"@graph\":[{\"@type\":\"BreadcrumbList\",\"@id\":\"https:\\\/\\\/www.vitalsmilesga.com\\\/es\\\/services\\\/infant-toddler-dentistry\\\/#breadcrumblist\",\"itemListElement\":[{\"@type\":\"ListItem\",\"@id\":\"https:\\\/\\\/www.vitalsmilesga.com\\\/es#listItem\",\"position\":1,\"name\":\"Home\",\"item\":\"https:\\\/\\\/www.vitalsmilesga.com\\\/es\",\"nextItem\":{\"@type\":\"ListItem\",\"@id\":\"https:\\\/\\\/www.vitalsmilesga.com\\\/es\\\/services\\\/#listItem\",\"name\":\"Services\"}},{\"@type\":\"ListItem\",\"@id\":\"https:\\\/\\\/www.vitalsmilesga.com\\\/es\\\/services\\\/#listItem\",\"position\":2,\"name\":\"Services\",\"item\":\"https:\\\/\\\/www.vitalsmilesga.com\\\/es\\\/services\\\/\",\"nextItem\":{\"@type\":\"ListItem\",\"@id\":\"https:\\\/\\\/www.vitalsmilesga.com\\\/es\\\/services\\\/infant-toddler-dentistry\\\/#listItem\",\"name\":\"Infant &#038; Toddler Dentistry\"},\"previousItem\":{\"@type\":\"ListItem\",\"@id\":\"https:\\\/\\\/www.vitalsmilesga.com\\\/es#listItem\",\"name\":\"Home\"}},{\"@type\":\"ListItem\",\"@id\":\"https:\\\/\\\/www.vitalsmilesga.com\\\/es\\\/services\\\/infant-toddler-dentistry\\\/#listItem\",\"position\":3,\"name\":\"Infant &#038; Toddler Dentistry\",\"previousItem\":{\"@type\":\"ListItem\",\"@id\":\"https:\\\/\\\/www.vitalsmilesga.com\\\/es\\\/services\\\/#listItem\",\"name\":\"Services\"}}]},{\"@type\":\"Organization\",\"@id\":\"https:\\\/\\\/www.vitalsmilesga.com\\\/es\\\/#organization\",\"name\":\"Vital Smiles\",\"description\":\"Our dental office is devoted to serving our community and ensuring everyone has affordable access to dental care. We have several payment options available in addition to dental insurance, including Medicaid and CareCredit.\",\"url\":\"https:\\\/\\\/www.vitalsmilesga.com\\\/es\\\/\",\"telephone\":\"+16788067727\",\"numberOfEmployees\":{\"@type\":\"QuantitativeValue\",\"minValue\":5,\"maxValue\":25},\"logo\":{\"@type\":\"ImageObject\",\"url\":\"https:\\\/\\\/www.vitalsmilesga.com\\\/wp-content\\\/uploads\\\/2025\\\/01\\\/logo.png\",\"@id\":\"https:\\\/\\\/www.vitalsmilesga.com\\\/es\\\/services\\\/infant-toddler-dentistry\\\/#organizationLogo\",\"width\":135,\"height\":120},\"image\":{\"@id\":\"https:\\\/\\\/www.vitalsmilesga.com\\\/es\\\/services\\\/infant-toddler-dentistry\\\/#organizationLogo\"},\"sameAs\":[\"https:\\\/\\\/www.facebook.com\\\/VitalSmilesGeorgia\"],\"address\":{\"@id\":\"https:\\\/\\\/www.vitalsmilesga.com\\\/es\\\/#postaladdress\",\"@type\":\"PostalAddress\",\"streetAddress\":\"6000 Singleton Rd, Suite 315\",\"postalCode\":\"30093\",\"addressLocality\":\"Norcross\",\"addressRegion\":\"Georgia\",\"addressCountry\":\"US\"}},{\"@type\":\"WebPage\",\"@id\":\"https:\\\/\\\/www.vitalsmilesga.com\\\/es\\\/services\\\/infant-toddler-dentistry\\\/#webpage\",\"url\":\"https:\\\/\\\/www.vitalsmilesga.com\\\/es\\\/services\\\/infant-toddler-dentistry\\\/\",\"name\":\"Infant & Toddler Dentistry in Norcross | Vital Smiles\",\"description\":\"Our children\\u2019s dentists offer gentle infant and toddler dental care and training to help parents take excellent care of little smiles between visits.\",\"inLanguage\":\"es-MX\",\"isPartOf\":{\"@id\":\"https:\\\/\\\/www.vitalsmilesga.com\\\/es\\\/#website\"},\"breadcrumb\":{\"@id\":\"https:\\\/\\\/www.vitalsmilesga.com\\\/es\\\/services\\\/infant-toddler-dentistry\\\/#breadcrumblist\"},\"image\":{\"@type\":\"ImageObject\",\"url\":\"https:\\\/\\\/www.vitalsmilesga.com\\\/wp-content\\\/uploads\\\/2024\\\/04\\\/ToddlerBrushingTeeth.jpg\",\"@id\":\"https:\\\/\\\/www.vitalsmilesga.com\\\/es\\\/services\\\/infant-toddler-dentistry\\\/#mainImage\",\"width\":600,\"height\":600,\"caption\":\"Toddler Brushing Teeth\"},\"primaryImageOfPage\":{\"@id\":\"https:\\\/\\\/www.vitalsmilesga.com\\\/es\\\/services\\\/infant-toddler-dentistry\\\/#mainImage\"},\"datePublished\":\"2024-04-10T12:05:29-06:00\",\"dateModified\":\"2024-07-30T14:55:50-06:00\"},{\"@type\":\"WebSite\",\"@id\":\"https:\\\/\\\/www.vitalsmilesga.com\\\/es\\\/#website\",\"url\":\"https:\\\/\\\/www.vitalsmilesga.com\\\/es\\\/\",\"name\":\"Vital Smiles\",\"alternateName\":\"Vital Smiles Norcross\",\"description\":\"Our dental office is devoted to serving our community and ensuring everyone has affordable access to dental care. We have several payment options available in addition to dental insurance, including Medicaid and CareCredit.\",\"inLanguage\":\"es-MX\",\"publisher\":{\"@id\":\"https:\\\/\\\/www.vitalsmilesga.com\\\/es\\\/#organization\"}}]}\n\t\t<\/script>\n\t\t<!-- All in One SEO Pro -->\r\n\t\t<title>Infant &amp; Toddler Dentistry in Norcross | Vital Smiles<\/title>\n\n","aioseo_head_json":{"title":"Odontolog\u00eda infantil en Norcross | Vital Smiles","description":"Nuestros dentistas infantiles ofrecen atenci\u00f3n odontol\u00f3gica delicada a beb\u00e9s y ni\u00f1os peque\u00f1os, as\u00ed como formaci\u00f3n para que los padres cuiden sus sonrisas.","canonical_url":"https:\/\/www.vitalsmilesga.com\/es\/services\/infant-toddler-dentistry\/","robots":"max-image-preview:large","keywords":"","webmasterTools":{"google-site-verification":"6UR7QRUQ_oEhhEhvYxcy1WFCSIhYRMtTCEFYhSKzyVA","miscellaneous":""},"schema":{"@context":"https:\/\/schema.org","@graph":[{"@type":"BreadcrumbList","@id":"https:\/\/www.vitalsmilesga.com\/es\/services\/infant-toddler-dentistry\/#breadcrumblist","itemListElement":[{"@type":"ListItem","@id":"https:\/\/www.vitalsmilesga.com\/es#listItem","position":1,"name":"Home","item":"https:\/\/www.vitalsmilesga.com\/es","nextItem":{"@type":"ListItem","@id":"https:\/\/www.vitalsmilesga.com\/es\/services\/#listItem","name":"Services"}},{"@type":"ListItem","@id":"https:\/\/www.vitalsmilesga.com\/es\/services\/#listItem","position":2,"name":"Services","item":"https:\/\/www.vitalsmilesga.com\/es\/services\/","nextItem":{"@type":"ListItem","@id":"https:\/\/www.vitalsmilesga.com\/es\/services\/infant-toddler-dentistry\/#listItem","name":"Infant &#038; Toddler Dentistry"},"previousItem":{"@type":"ListItem","@id":"https:\/\/www.vitalsmilesga.com\/es#listItem","name":"Home"}},{"@type":"ListItem","@id":"https:\/\/www.vitalsmilesga.com\/es\/services\/infant-toddler-dentistry\/#listItem","position":3,"name":"Infant &#038; Toddler Dentistry","previousItem":{"@type":"ListItem","@id":"https:\/\/www.vitalsmilesga.com\/es\/services\/#listItem","name":"Services"}}]},{"@type":"Organization","@id":"https:\/\/www.vitalsmilesga.com\/es\/#organization","name":"Vital Smiles","description":"Our dental office is devoted to serving our community and ensuring everyone has affordable access to dental care. We have several payment options available in addition to dental insurance, including Medicaid and CareCredit.","url":"https:\/\/www.vitalsmilesga.com\/es\/","telephone":"+16788067727","numberOfEmployees":{"@type":"QuantitativeValue","minValue":5,"maxValue":25},"logo":{"@type":"ImageObject","url":"https:\/\/www.vitalsmilesga.com\/wp-content\/uploads\/2025\/01\/logo.png","@id":"https:\/\/www.vitalsmilesga.com\/es\/services\/infant-toddler-dentistry\/#organizationLogo","width":135,"height":120},"image":{"@id":"https:\/\/www.vitalsmilesga.com\/es\/services\/infant-toddler-dentistry\/#organizationLogo"},"sameAs":["https:\/\/www.facebook.com\/VitalSmilesGeorgia"],"address":{"@id":"https:\/\/www.vitalsmilesga.com\/es\/#postaladdress","@type":"PostalAddress","streetAddress":"6000 Singleton Rd, Suite 315","postalCode":"30093","addressLocality":"Norcross","addressRegion":"Georgia","addressCountry":"US"}},{"@type":"WebPage","@id":"https:\/\/www.vitalsmilesga.com\/es\/services\/infant-toddler-dentistry\/#webpage","url":"https:\/\/www.vitalsmilesga.com\/es\/services\/infant-toddler-dentistry\/","name":"Infant & Toddler Dentistry in Norcross | Vital Smiles","description":"Our children\u2019s dentists offer gentle infant and toddler dental care and training to help parents take excellent care of little smiles between visits.","inLanguage":"es-MX","isPartOf":{"@id":"https:\/\/www.vitalsmilesga.com\/es\/#website"},"breadcrumb":{"@id":"https:\/\/www.vitalsmilesga.com\/es\/services\/infant-toddler-dentistry\/#breadcrumblist"},"image":{"@type":"ImageObject","url":"https:\/\/www.vitalsmilesga.com\/wp-content\/uploads\/2024\/04\/ToddlerBrushingTeeth.jpg","@id":"https:\/\/www.vitalsmilesga.com\/es\/services\/infant-toddler-dentistry\/#mainImage","width":600,"height":600,"caption":"Toddler Brushing Teeth"},"primaryImageOfPage":{"@id":"https:\/\/www.vitalsmilesga.com\/es\/services\/infant-toddler-dentistry\/#mainImage"},"datePublished":"2024-04-10T12:05:29-06:00","dateModified":"2024-07-30T14:55:50-06:00"},{"@type":"WebSite","@id":"https:\/\/www.vitalsmilesga.com\/es\/#website","url":"https:\/\/www.vitalsmilesga.com\/es\/","name":"Vital Smiles","alternateName":"Vital Smiles Norcross","description":"Our dental office is devoted to serving our community and ensuring everyone has affordable access to dental care. We have several payment options available in addition to dental insurance, including Medicaid and CareCredit.","inLanguage":"es-MX","publisher":{"@id":"https:\/\/www.vitalsmilesga.com\/es\/#organization"}}]},"og:locale":"es_MX","og:site_name":"Vital Smiles | Our dental office is devoted to serving our community and ensuring everyone has affordable access to dental care. We have several payment options available in addition to dental insurance, including Medicaid and CareCredit.","og:type":"company","og:title":"Infant &amp; Toddler Dentistry in Norcross | Vital Smiles","og:description":"Our children\u2019s dentists offer gentle infant and toddler dental care and training to help parents take excellent care of little smiles between visits.","og:url":"https:\/\/www.vitalsmilesga.com\/es\/services\/infant-toddler-dentistry\/","og:image":"https:\/\/www.vitalsmilesga.com\/wp-content\/uploads\/2024\/04\/ToddlerBrushingTeeth.jpg","og:image:secure_url":"https:\/\/www.vitalsmilesga.com\/wp-content\/uploads\/2024\/04\/ToddlerBrushingTeeth.jpg","og:image:width":600,"og:image:height":600,"twitter:card":"summary_large_image","twitter:title":"Infant &amp; Toddler Dentistry in Norcross | Vital Smiles","twitter:description":"Our children\u2019s dentists offer gentle infant and toddler dental care and training to help parents take excellent care of little smiles between visits.","twitter:image":"https:\/\/www.vitalsmilesga.com\/wp-content\/uploads\/2025\/01\/logo.png"},"aioseo_meta_data":{"post_id":"3402","title":null,"description":null,"keywords":null,"keyphrases":{"focus":{"keyphrase":"","score":0,"analysis":{"keyphraseInTitle":{"score":0,"maxScore":9,"error":1}}},"additional":[]},"primary_term":null,"canonical_url":null,"og_title":null,"og_description":null,"og_object_type":"default","og_image_type":"default","og_image_url":null,"og_image_width":null,"og_image_height":null,"og_image_custom_url":null,"og_image_custom_fields":null,"og_video":"","og_custom_url":null,"og_article_section":null,"og_article_tags":null,"twitter_use_og":false,"twitter_card":"default","twitter_image_type":"default","twitter_image_url":null,"twitter_image_custom_url":null,"twitter_image_custom_fields":null,"twitter_title":null,"twitter_description":null,"schema":{"blockGraphs":[],"customGraphs":[],"default":{"data":{"Article":[],"Course":[],"Dataset":[],"FAQPage":[],"Movie":[],"Person":[],"Product":[],"ProductReview":[],"Car":[],"Recipe":[],"Service":[],"SoftwareApplication":[],"WebPage":[]},"graphName":"WebPage","isEnabled":true},"graphs":[]},"schema_type":"default","schema_type_options":null,"pillar_content":false,"robots_default":true,"robots_noindex":false,"robots_noarchive":false,"robots_nosnippet":false,"robots_nofollow":false,"robots_noimageindex":false,"robots_noodp":false,"robots_notranslate":false,"robots_max_snippet":"-1","robots_max_videopreview":"-1","robots_max_imagepreview":"large","priority":null,"frequency":"default","local_seo":null,"seo_analyzer_scan_date":"2025-08-15 04:16:20","limit_modified_date":false,"open_ai":"{\"title\":{\"suggestions\":[],\"usage\":0},\"description\":{\"suggestions\":[],\"usage\":0}}","ai":null,"created":"2024-04-10 18:05:29","updated":"2025-10-21 22:16:40"},"aioseo_breadcrumb":"<div class=\"aioseo-breadcrumbs\"><span class=\"aioseo-breadcrumb\">\n\t<a href=\"https:\/\/www.vitalsmilesga.com\/es\" title=\"Home\">Home<\/a>\n<\/span><span class=\"aioseo-breadcrumb-separator\">&raquo;<\/span><span class=\"aioseo-breadcrumb\">\n\t<a href=\"https:\/\/www.vitalsmilesga.com\/es\/services\/\" title=\"Services\">Services<\/a>\n<\/span><span class=\"aioseo-breadcrumb-separator\">&raquo;<\/span><span class=\"aioseo-breadcrumb\">\n\tInfant &amp; Toddler Dentistry\n<\/span><\/div>","aioseo_breadcrumb_json":[{"label":"Home","link":"https:\/\/www.vitalsmilesga.com\/es"},{"label":"Services","link":"https:\/\/www.vitalsmilesga.com\/es\/services\/"},{"label":"Infant &#038; Toddler Dentistry","link":"https:\/\/www.vitalsmilesga.com\/es\/services\/infant-toddler-dentistry\/"}],"_links":{"self":[{"href":"https:\/\/www.vitalsmilesga.com\/es\/wp-json\/wp\/v2\/pages\/3402","targetHints":{"allow":["GET"]}}],"collection":[{"href":"https:\/\/www.vitalsmilesga.com\/es\/wp-json\/wp\/v2\/pages"}],"about":[{"href":"https:\/\/www.vitalsmilesga.com\/es\/wp-json\/wp\/v2\/types\/page"}],"author":[{"embeddable":true,"href":"https:\/\/www.vitalsmilesga.com\/es\/wp-json\/wp\/v2\/users\/2"}],"replies":[{"embeddable":true,"href":"https:\/\/www.vitalsmilesga.com\/es\/wp-json\/wp\/v2\/comments?post=3402"}],"version-history":[{"count":0,"href":"https:\/\/www.vitalsmilesga.com\/es\/wp-json\/wp\/v2\/pages\/3402\/revisions"}],"up":[{"embeddable":true,"href":"https:\/\/www.vitalsmilesga.com\/es\/wp-json\/wp\/v2\/pages\/45"}],"wp:featuredmedia":[{"embeddable":true,"href":"https:\/\/www.vitalsmilesga.com\/es\/wp-json\/wp\/v2\/media\/3526"}],"wp:attachment":[{"href":"https:\/\/www.vitalsmilesga.com\/es\/wp-json\/wp\/v2\/media?parent=3402"}],"curies":[{"name":"wp","href":"https:\/\/api.w.org\/{rel}","templated":true}]}}