{"id":3443,"date":"2024-04-12T10:54:28","date_gmt":"2024-04-12T16:54:28","guid":{"rendered":"https:\/\/www.vitalsmilesga.com\/?page_id=3443"},"modified":"2024-05-17T09:33:50","modified_gmt":"2024-05-17T15:33:50","slug":"succion-del-pulgar","status":"publish","type":"page","link":"https:\/\/www.vitalsmilesga.com\/es\/services\/infant-toddler-dentistry\/thumb-sucking\/","title":{"rendered":"Succi\u00f3n del pulgar"},"content":{"rendered":"<h2>Succi\u00f3n del pulgar en Norcross, GA<\/h2>\n<p>La succi\u00f3n del pulgar es un h\u00e1bito natural tranquilizador y reconfortante que algunos ni\u00f1os mantienen hasta que inician la educaci\u00f3n primaria o, en ocasiones, incluso m\u00e1s tarde. Sin embargo, si un ni\u00f1o se chupa el dedo, o usa un chupete, m\u00e1s all\u00e1 de los cinco a\u00f1os, corre el riesgo de afectar negativamente a su desarrollo dental.<\/p>\n<p>La imagen de tu beb\u00e9 chup\u00e1ndose el dedo mientras duerme es apacible y enternecedora. Sin embargo, cuando llega el momento de ayudar a tu hijo a que deje de hacerlo, puedes encontrarte con un problema. Nuestros <a href=\"\/es\/servicios\/dentista-general-para-ninos\/\">dentistas infantiles<\/a> de Norcross ofrecen excelentes consejos y asesoramiento que te ayudar\u00e1n a completar la eliminaci\u00f3n del h\u00e1bito de chuparse el pulgar. Te facilitaremos las herramientas, la informaci\u00f3n y los recursos que necesitas para ayudar a tu hijo a dejar esa costumbre para siempre.<\/p>\n<h2>Preguntas frecuentes sobre el h\u00e1bito de chuparse el dedo<\/h2>\n<h3>\u00bfChuparse el dedo es un h\u00e1bito perjudicial para un beb\u00e9?<\/h3>\n<p>En absoluto. Esta costumbre es una actividad tranquilizadora natural que realizan los nonatos, as\u00ed como los beb\u00e9s y los ni\u00f1os peque\u00f1os. Puede ayudar a los ni\u00f1os a calmarse o dormirse.<\/p>\n<h3>\u00bfPuedo ense\u00f1ar a mi hijo a no chuparse el dedo para no tener que pasar por el proceso m\u00e1s adelante?<\/h3>\n<p>La succi\u00f3n del pulgar puede ser un h\u00e1bito dif\u00edcil de eliminar, ya que los ni\u00f1os siempre tienen sus pulgares a mano en cualquier momento. Algunos beb\u00e9s muestran una fuerte predisposici\u00f3n a chuparse el dedo, mientras que otros simplemente no lo hacen. Si quieres que tu hijo sustituya esta costumbre por otra que le tranquilice, no hay problema.<\/p>\n<p>Ensaya estas alternativas que pueden sustituir al h\u00e1bito de succionar el pulgar:<\/p>\n<ul>\n<li><a href=\"\/es\/servicios\/odontologia-infantil\/pacifiers\/\">Chupetes<\/a><\/li>\n<li>Mordedores<\/li>\n<li>Beber agua.<\/li>\n<li>Objetos reconfortantes.<\/li>\n<li>Contacto piel con piel.<\/li>\n<li>Envolver al beb\u00e9.<\/li>\n<li>Balanceo o movimiento.<\/li>\n<li>M\u00fasica suave o ruido blanco.<\/li>\n<li>Distracciones, como jugar, cantar o darle un masaje antes de dormir.<\/li>\n<\/ul>\n<h3>\u00bfPor qu\u00e9 un ni\u00f1o de tres a cinco a\u00f1os tiene que dejar de chuparse el dedo?<\/h3>\n<p>Los ni\u00f1os que se chupan el dedo m\u00e1s all\u00e1 de los cuatro o cinco a\u00f1os corren el riesgo de desarrollar problemas dentales y ortod\u00f3ncicos e impedimentos del habla.<\/p>\n<h3>\u00bfC\u00f3mo puedo convencer a mi hijo para que deje de chuparse el pulgar?<\/h3>\n<p>Las alternativas enumeradas previamente pueden ser \u00fatiles. Los ni\u00f1os peque\u00f1os y en edad preescolar pueden responder bien a los incentivos, como regalarles un batido nutritivo o un paseo por el parque como recompensa por dejar de chuparse el dedo. El refuerzo positivo y los recordatorios amables tambi\u00e9n ayudan. Si detectas qu\u00e9 provoca que tu hijo succione su pulgar, puedes trabajar con \u00e9l para abordar de otro modo las emociones resultantes.<\/p>\n<h3>\u00bfNo dejan la mayor\u00eda de los ni\u00f1os de chuparse el dedo cuando entran en preescolar?<\/h3>\n<p>Muchos ni\u00f1os dejan de chuparse el dedo sin que se produzca una transici\u00f3n \"oficial\". Algunos no quieren que otros ni\u00f1os, como los del colegio, se r\u00edan de ellos, as\u00ed que dejan de hacerlo para evitar un estigma social. Sin embargo, otros necesitan m\u00e1s ayuda para abandonar este h\u00e1bito tan reconfortante.<\/p>\n<h3>\u00bfQu\u00e9 puede hacer el dentista por mi hijo de seis a\u00f1os que a\u00fan se chupa el dedo?<\/h3>\n<p>Si las estrategias descritas en esta p\u00e1gina no funcionan con tu hijo, ponte en contacto con nuestro dentista infantil. Estamos aqu\u00ed para analizar otras opciones y encontrar la soluci\u00f3n que mejor funcione para tu peque\u00f1o.<\/p>\n<h2>Favorecer h\u00e1bitos saludables en la succi\u00f3n del pulgar<\/h2>\n<p>Comparte con nosotros cualquier duda que te surja con respecto a la salud dental de tu hijo. Ayudamos a los padres a saber c\u00f3mo ayudar a sus hijos a dejar de chuparse el dedo. Es otra de las muchas formas en que ayudamos a nuestros pacientes y a sus familias a disfrutar de una Kidsperience fant\u00e1stica. <a href=\"\/es\/contacto\/\">P\u00f3ngase en contacto con nosotros hoy mismo<\/a> y reserva una cita para tu hijo, \u00a1nos encantar\u00e1 atenderte a ti y a tu hijo!<\/p>","protected":false},"excerpt":{"rendered":"<p>Chuparse el dedo es una pr\u00e1ctica natural que tranquiliza a los nonatos, as\u00ed como a los beb\u00e9s y a los ni\u00f1os peque\u00f1os. Sin embargo, los ni\u00f1os que se chupan el dedo corren el riesgo de padecer problemas de desarrollo dental o de ortodoncia, adem\u00e1s de dificultades en el habla.<\/p>","protected":false},"author":2,"featured_media":3444,"parent":3402,"menu_order":0,"comment_status":"closed","ping_status":"closed","template":"","meta":{"_et_pb_use_builder":"","_et_pb_old_content":"","_et_gb_content_width":"","_monsterinsights_skip_tracking":false,"_monsterinsights_sitenote_active":false,"_monsterinsights_sitenote_note":"","_monsterinsights_sitenote_category":0,"footnotes":""},"class_list":["post-3443","page","type-page","status-publish","has-post-thumbnail","hentry"],"aioseo_notices":[],"aioseo_head":"\n\t\t<!-- All in One SEO Pro 4.9.5.2 - aioseo.com -->\n\t<meta name=\"description\" content=\"Our children\u2019s dentists in Norcross offer excellent tips and advice to help with the transition from thumb-sucking, so your child can avoid related dental problems.\" \/>\n\t<meta name=\"robots\" content=\"max-image-preview:large\" \/>\n\t<meta name=\"google-site-verification\" content=\"6UR7QRUQ_oEhhEhvYxcy1WFCSIhYRMtTCEFYhSKzyVA\" \/>\n\t<link rel=\"canonical\" href=\"https:\/\/www.vitalsmilesga.com\/es\/services\/infant-toddler-dentistry\/thumb-sucking\/\" \/>\n\t<meta name=\"generator\" content=\"All in One SEO Pro (AIOSEO) 4.9.5.2\" \/>\n\t\t<meta property=\"og:locale\" content=\"es_MX\" \/>\n\t\t<meta property=\"og:site_name\" content=\"Vital Smiles | Our dental office is devoted to serving our community and ensuring everyone has affordable access to dental care. We have several payment options available in addition to dental insurance, including Medicaid and CareCredit.\" \/>\n\t\t<meta property=\"og:type\" content=\"company\" \/>\n\t\t<meta property=\"og:title\" content=\"Thumb Sucking in Norcross | Vital Smiles\" \/>\n\t\t<meta property=\"og:description\" content=\"Our children\u2019s dentists in Norcross offer excellent tips and advice to help with the transition from thumb-sucking, so your child can avoid related dental problems.\" \/>\n\t\t<meta property=\"og:url\" content=\"https:\/\/www.vitalsmilesga.com\/es\/services\/infant-toddler-dentistry\/thumb-sucking\/\" \/>\n\t\t<meta property=\"og:image\" content=\"https:\/\/www.vitalsmilesga.com\/wp-content\/uploads\/2024\/04\/InfantSuckingThumb.jpg\" \/>\n\t\t<meta property=\"og:image:secure_url\" content=\"https:\/\/www.vitalsmilesga.com\/wp-content\/uploads\/2024\/04\/InfantSuckingThumb.jpg\" \/>\n\t\t<meta property=\"og:image:width\" content=\"600\" \/>\n\t\t<meta property=\"og:image:height\" content=\"600\" \/>\n\t\t<meta name=\"twitter:card\" content=\"summary_large_image\" \/>\n\t\t<meta name=\"twitter:title\" content=\"Thumb Sucking in Norcross | Vital Smiles\" \/>\n\t\t<meta name=\"twitter:description\" content=\"Our children\u2019s dentists in Norcross offer excellent tips and advice to help with the transition from thumb-sucking, so your child can avoid related dental problems.\" \/>\n\t\t<meta name=\"twitter:image\" content=\"https:\/\/www.vitalsmilesga.com\/wp-content\/uploads\/2025\/01\/logo.png\" \/>\n\t\t<script type=\"application\/ld+json\" class=\"aioseo-schema\">\n\t\t\t{\"@context\":\"https:\\\/\\\/schema.org\",\"@graph\":[{\"@type\":\"BreadcrumbList\",\"@id\":\"https:\\\/\\\/www.vitalsmilesga.com\\\/es\\\/services\\\/infant-toddler-dentistry\\\/thumb-sucking\\\/#breadcrumblist\",\"itemListElement\":[{\"@type\":\"ListItem\",\"@id\":\"https:\\\/\\\/www.vitalsmilesga.com\\\/es#listItem\",\"position\":1,\"name\":\"Home\",\"item\":\"https:\\\/\\\/www.vitalsmilesga.com\\\/es\",\"nextItem\":{\"@type\":\"ListItem\",\"@id\":\"https:\\\/\\\/www.vitalsmilesga.com\\\/es\\\/services\\\/#listItem\",\"name\":\"Services\"}},{\"@type\":\"ListItem\",\"@id\":\"https:\\\/\\\/www.vitalsmilesga.com\\\/es\\\/services\\\/#listItem\",\"position\":2,\"name\":\"Services\",\"item\":\"https:\\\/\\\/www.vitalsmilesga.com\\\/es\\\/services\\\/\",\"nextItem\":{\"@type\":\"ListItem\",\"@id\":\"https:\\\/\\\/www.vitalsmilesga.com\\\/es\\\/services\\\/infant-toddler-dentistry\\\/#listItem\",\"name\":\"Infant &#038; Toddler Dentistry\"},\"previousItem\":{\"@type\":\"ListItem\",\"@id\":\"https:\\\/\\\/www.vitalsmilesga.com\\\/es#listItem\",\"name\":\"Home\"}},{\"@type\":\"ListItem\",\"@id\":\"https:\\\/\\\/www.vitalsmilesga.com\\\/es\\\/services\\\/infant-toddler-dentistry\\\/#listItem\",\"position\":3,\"name\":\"Infant &#038; Toddler Dentistry\",\"item\":\"https:\\\/\\\/www.vitalsmilesga.com\\\/es\\\/services\\\/infant-toddler-dentistry\\\/\",\"nextItem\":{\"@type\":\"ListItem\",\"@id\":\"https:\\\/\\\/www.vitalsmilesga.com\\\/es\\\/services\\\/infant-toddler-dentistry\\\/thumb-sucking\\\/#listItem\",\"name\":\"Thumb Sucking\"},\"previousItem\":{\"@type\":\"ListItem\",\"@id\":\"https:\\\/\\\/www.vitalsmilesga.com\\\/es\\\/services\\\/#listItem\",\"name\":\"Services\"}},{\"@type\":\"ListItem\",\"@id\":\"https:\\\/\\\/www.vitalsmilesga.com\\\/es\\\/services\\\/infant-toddler-dentistry\\\/thumb-sucking\\\/#listItem\",\"position\":4,\"name\":\"Thumb Sucking\",\"previousItem\":{\"@type\":\"ListItem\",\"@id\":\"https:\\\/\\\/www.vitalsmilesga.com\\\/es\\\/services\\\/infant-toddler-dentistry\\\/#listItem\",\"name\":\"Infant &#038; Toddler Dentistry\"}}]},{\"@type\":\"Organization\",\"@id\":\"https:\\\/\\\/www.vitalsmilesga.com\\\/es\\\/#organization\",\"name\":\"Vital Smiles\",\"description\":\"Our dental office is devoted to serving our community and ensuring everyone has affordable access to dental care. We have several payment options available in addition to dental insurance, including Medicaid and CareCredit.\",\"url\":\"https:\\\/\\\/www.vitalsmilesga.com\\\/es\\\/\",\"telephone\":\"+16788067727\",\"numberOfEmployees\":{\"@type\":\"QuantitativeValue\",\"minValue\":5,\"maxValue\":25},\"logo\":{\"@type\":\"ImageObject\",\"url\":\"https:\\\/\\\/www.vitalsmilesga.com\\\/wp-content\\\/uploads\\\/2025\\\/01\\\/logo.png\",\"@id\":\"https:\\\/\\\/www.vitalsmilesga.com\\\/es\\\/services\\\/infant-toddler-dentistry\\\/thumb-sucking\\\/#organizationLogo\",\"width\":135,\"height\":120},\"image\":{\"@id\":\"https:\\\/\\\/www.vitalsmilesga.com\\\/es\\\/services\\\/infant-toddler-dentistry\\\/thumb-sucking\\\/#organizationLogo\"},\"sameAs\":[\"https:\\\/\\\/www.facebook.com\\\/VitalSmilesGeorgia\"],\"address\":{\"@id\":\"https:\\\/\\\/www.vitalsmilesga.com\\\/es\\\/#postaladdress\",\"@type\":\"PostalAddress\",\"streetAddress\":\"6000 Singleton Rd, Suite 315\",\"postalCode\":\"30093\",\"addressLocality\":\"Norcross\",\"addressRegion\":\"Georgia\",\"addressCountry\":\"US\"}},{\"@type\":\"WebPage\",\"@id\":\"https:\\\/\\\/www.vitalsmilesga.com\\\/es\\\/services\\\/infant-toddler-dentistry\\\/thumb-sucking\\\/#webpage\",\"url\":\"https:\\\/\\\/www.vitalsmilesga.com\\\/es\\\/services\\\/infant-toddler-dentistry\\\/thumb-sucking\\\/\",\"name\":\"Thumb Sucking in Norcross | Vital Smiles\",\"description\":\"Our children\\u2019s dentists in Norcross offer excellent tips and advice to help with the transition from thumb-sucking, so your child can avoid related dental problems.\",\"inLanguage\":\"es-MX\",\"isPartOf\":{\"@id\":\"https:\\\/\\\/www.vitalsmilesga.com\\\/es\\\/#website\"},\"breadcrumb\":{\"@id\":\"https:\\\/\\\/www.vitalsmilesga.com\\\/es\\\/services\\\/infant-toddler-dentistry\\\/thumb-sucking\\\/#breadcrumblist\"},\"image\":{\"@type\":\"ImageObject\",\"url\":\"https:\\\/\\\/www.vitalsmilesga.com\\\/wp-content\\\/uploads\\\/2024\\\/04\\\/InfantSuckingThumb.jpg\",\"@id\":\"https:\\\/\\\/www.vitalsmilesga.com\\\/es\\\/services\\\/infant-toddler-dentistry\\\/thumb-sucking\\\/#mainImage\",\"width\":600,\"height\":600,\"caption\":\"Infant Sucking Thumb\"},\"primaryImageOfPage\":{\"@id\":\"https:\\\/\\\/www.vitalsmilesga.com\\\/es\\\/services\\\/infant-toddler-dentistry\\\/thumb-sucking\\\/#mainImage\"},\"datePublished\":\"2024-04-12T10:54:28-06:00\",\"dateModified\":\"2024-05-17T09:33:50-06:00\"},{\"@type\":\"WebSite\",\"@id\":\"https:\\\/\\\/www.vitalsmilesga.com\\\/es\\\/#website\",\"url\":\"https:\\\/\\\/www.vitalsmilesga.com\\\/es\\\/\",\"name\":\"Vital Smiles\",\"alternateName\":\"Vital Smiles Norcross\",\"description\":\"Our dental office is devoted to serving our community and ensuring everyone has affordable access to dental care. We have several payment options available in addition to dental insurance, including Medicaid and CareCredit.\",\"inLanguage\":\"es-MX\",\"publisher\":{\"@id\":\"https:\\\/\\\/www.vitalsmilesga.com\\\/es\\\/#organization\"}}]}\n\t\t<\/script>\n\t\t<!-- All in One SEO Pro -->\r\n\t\t<title>Thumb Sucking in Norcross | Vital Smiles<\/title>\n\n","aioseo_head_json":{"title":"Succi\u00f3n del pulgar en Norcross | Vital Smiles","description":"Nuestros dentistas infantiles de Norcross ofrecen asesoramiento para facilitar la transici\u00f3n de chuparse el dedo para evitar los problemas dentales asociados.","canonical_url":"https:\/\/www.vitalsmilesga.com\/es\/services\/infant-toddler-dentistry\/thumb-sucking\/","robots":"max-image-preview:large","keywords":"","webmasterTools":{"google-site-verification":"6UR7QRUQ_oEhhEhvYxcy1WFCSIhYRMtTCEFYhSKzyVA","miscellaneous":""},"schema":{"@context":"https:\/\/schema.org","@graph":[{"@type":"BreadcrumbList","@id":"https:\/\/www.vitalsmilesga.com\/es\/services\/infant-toddler-dentistry\/thumb-sucking\/#breadcrumblist","itemListElement":[{"@type":"ListItem","@id":"https:\/\/www.vitalsmilesga.com\/es#listItem","position":1,"name":"Home","item":"https:\/\/www.vitalsmilesga.com\/es","nextItem":{"@type":"ListItem","@id":"https:\/\/www.vitalsmilesga.com\/es\/services\/#listItem","name":"Services"}},{"@type":"ListItem","@id":"https:\/\/www.vitalsmilesga.com\/es\/services\/#listItem","position":2,"name":"Services","item":"https:\/\/www.vitalsmilesga.com\/es\/services\/","nextItem":{"@type":"ListItem","@id":"https:\/\/www.vitalsmilesga.com\/es\/services\/infant-toddler-dentistry\/#listItem","name":"Infant &#038; Toddler Dentistry"},"previousItem":{"@type":"ListItem","@id":"https:\/\/www.vitalsmilesga.com\/es#listItem","name":"Home"}},{"@type":"ListItem","@id":"https:\/\/www.vitalsmilesga.com\/es\/services\/infant-toddler-dentistry\/#listItem","position":3,"name":"Infant &#038; Toddler Dentistry","item":"https:\/\/www.vitalsmilesga.com\/es\/services\/infant-toddler-dentistry\/","nextItem":{"@type":"ListItem","@id":"https:\/\/www.vitalsmilesga.com\/es\/services\/infant-toddler-dentistry\/thumb-sucking\/#listItem","name":"Thumb Sucking"},"previousItem":{"@type":"ListItem","@id":"https:\/\/www.vitalsmilesga.com\/es\/services\/#listItem","name":"Services"}},{"@type":"ListItem","@id":"https:\/\/www.vitalsmilesga.com\/es\/services\/infant-toddler-dentistry\/thumb-sucking\/#listItem","position":4,"name":"Thumb Sucking","previousItem":{"@type":"ListItem","@id":"https:\/\/www.vitalsmilesga.com\/es\/services\/infant-toddler-dentistry\/#listItem","name":"Infant &#038; Toddler Dentistry"}}]},{"@type":"Organization","@id":"https:\/\/www.vitalsmilesga.com\/es\/#organization","name":"Vital Smiles","description":"Our dental office is devoted to serving our community and ensuring everyone has affordable access to dental care. We have several payment options available in addition to dental insurance, including Medicaid and CareCredit.","url":"https:\/\/www.vitalsmilesga.com\/es\/","telephone":"+16788067727","numberOfEmployees":{"@type":"QuantitativeValue","minValue":5,"maxValue":25},"logo":{"@type":"ImageObject","url":"https:\/\/www.vitalsmilesga.com\/wp-content\/uploads\/2025\/01\/logo.png","@id":"https:\/\/www.vitalsmilesga.com\/es\/services\/infant-toddler-dentistry\/thumb-sucking\/#organizationLogo","width":135,"height":120},"image":{"@id":"https:\/\/www.vitalsmilesga.com\/es\/services\/infant-toddler-dentistry\/thumb-sucking\/#organizationLogo"},"sameAs":["https:\/\/www.facebook.com\/VitalSmilesGeorgia"],"address":{"@id":"https:\/\/www.vitalsmilesga.com\/es\/#postaladdress","@type":"PostalAddress","streetAddress":"6000 Singleton Rd, Suite 315","postalCode":"30093","addressLocality":"Norcross","addressRegion":"Georgia","addressCountry":"US"}},{"@type":"WebPage","@id":"https:\/\/www.vitalsmilesga.com\/es\/services\/infant-toddler-dentistry\/thumb-sucking\/#webpage","url":"https:\/\/www.vitalsmilesga.com\/es\/services\/infant-toddler-dentistry\/thumb-sucking\/","name":"Thumb Sucking in Norcross | Vital Smiles","description":"Our children\u2019s dentists in Norcross offer excellent tips and advice to help with the transition from thumb-sucking, so your child can avoid related dental problems.","inLanguage":"es-MX","isPartOf":{"@id":"https:\/\/www.vitalsmilesga.com\/es\/#website"},"breadcrumb":{"@id":"https:\/\/www.vitalsmilesga.com\/es\/services\/infant-toddler-dentistry\/thumb-sucking\/#breadcrumblist"},"image":{"@type":"ImageObject","url":"https:\/\/www.vitalsmilesga.com\/wp-content\/uploads\/2024\/04\/InfantSuckingThumb.jpg","@id":"https:\/\/www.vitalsmilesga.com\/es\/services\/infant-toddler-dentistry\/thumb-sucking\/#mainImage","width":600,"height":600,"caption":"Infant Sucking Thumb"},"primaryImageOfPage":{"@id":"https:\/\/www.vitalsmilesga.com\/es\/services\/infant-toddler-dentistry\/thumb-sucking\/#mainImage"},"datePublished":"2024-04-12T10:54:28-06:00","dateModified":"2024-05-17T09:33:50-06:00"},{"@type":"WebSite","@id":"https:\/\/www.vitalsmilesga.com\/es\/#website","url":"https:\/\/www.vitalsmilesga.com\/es\/","name":"Vital Smiles","alternateName":"Vital Smiles Norcross","description":"Our dental office is devoted to serving our community and ensuring everyone has affordable access to dental care. We have several payment options available in addition to dental insurance, including Medicaid and CareCredit.","inLanguage":"es-MX","publisher":{"@id":"https:\/\/www.vitalsmilesga.com\/es\/#organization"}}]},"og:locale":"es_MX","og:site_name":"Vital Smiles | Our dental office is devoted to serving our community and ensuring everyone has affordable access to dental care. We have several payment options available in addition to dental insurance, including Medicaid and CareCredit.","og:type":"company","og:title":"Thumb Sucking in Norcross | Vital Smiles","og:description":"Our children\u2019s dentists in Norcross offer excellent tips and advice to help with the transition from thumb-sucking, so your child can avoid related dental problems.","og:url":"https:\/\/www.vitalsmilesga.com\/es\/services\/infant-toddler-dentistry\/thumb-sucking\/","og:image":"https:\/\/www.vitalsmilesga.com\/wp-content\/uploads\/2024\/04\/InfantSuckingThumb.jpg","og:image:secure_url":"https:\/\/www.vitalsmilesga.com\/wp-content\/uploads\/2024\/04\/InfantSuckingThumb.jpg","og:image:width":600,"og:image:height":600,"twitter:card":"summary_large_image","twitter:title":"Thumb Sucking in Norcross | Vital Smiles","twitter:description":"Our children\u2019s dentists in Norcross offer excellent tips and advice to help with the transition from thumb-sucking, so your child can avoid related dental problems.","twitter:image":"https:\/\/www.vitalsmilesga.com\/wp-content\/uploads\/2025\/01\/logo.png"},"aioseo_meta_data":{"post_id":"3443","title":null,"description":null,"keywords":null,"keyphrases":{"focus":{"keyphrase":"","score":0,"analysis":{"keyphraseInTitle":{"score":0,"maxScore":9,"error":1}}},"additional":[]},"primary_term":null,"canonical_url":null,"og_title":null,"og_description":null,"og_object_type":"default","og_image_type":"default","og_image_url":null,"og_image_width":null,"og_image_height":null,"og_image_custom_url":null,"og_image_custom_fields":null,"og_video":"","og_custom_url":null,"og_article_section":null,"og_article_tags":null,"twitter_use_og":false,"twitter_card":"default","twitter_image_type":"default","twitter_image_url":null,"twitter_image_custom_url":null,"twitter_image_custom_fields":null,"twitter_title":null,"twitter_description":null,"schema":{"blockGraphs":[],"customGraphs":[],"default":{"data":{"Article":[],"Course":[],"Dataset":[],"FAQPage":[],"Movie":[],"Person":[],"Product":[],"ProductReview":[],"Car":[],"Recipe":[],"Service":[],"SoftwareApplication":[],"WebPage":[]},"graphName":"WebPage","isEnabled":true},"graphs":[]},"schema_type":"default","schema_type_options":null,"pillar_content":false,"robots_default":true,"robots_noindex":false,"robots_noarchive":false,"robots_nosnippet":false,"robots_nofollow":false,"robots_noimageindex":false,"robots_noodp":false,"robots_notranslate":false,"robots_max_snippet":"-1","robots_max_videopreview":"-1","robots_max_imagepreview":"large","priority":null,"frequency":"default","local_seo":null,"seo_analyzer_scan_date":"2025-08-15 05:20:20","limit_modified_date":false,"open_ai":"{\"title\":{\"suggestions\":[],\"usage\":0},\"description\":{\"suggestions\":[],\"usage\":0}}","ai":null,"created":"2024-04-12 16:54:28","updated":"2025-10-21 22:16:41"},"aioseo_breadcrumb":"<div class=\"aioseo-breadcrumbs\"><span class=\"aioseo-breadcrumb\">\n\t<a href=\"https:\/\/www.vitalsmilesga.com\/es\" title=\"Home\">Home<\/a>\n<\/span><span class=\"aioseo-breadcrumb-separator\">&raquo;<\/span><span class=\"aioseo-breadcrumb\">\n\t<a href=\"https:\/\/www.vitalsmilesga.com\/es\/services\/\" title=\"Services\">Services<\/a>\n<\/span><span class=\"aioseo-breadcrumb-separator\">&raquo;<\/span><span class=\"aioseo-breadcrumb\">\n\t<a href=\"https:\/\/www.vitalsmilesga.com\/es\/services\/infant-toddler-dentistry\/\" title=\"Infant &amp; Toddler Dentistry\">Infant &amp; Toddler Dentistry<\/a>\n<\/span><span class=\"aioseo-breadcrumb-separator\">&raquo;<\/span><span class=\"aioseo-breadcrumb\">\n\tThumb Sucking\n<\/span><\/div>","aioseo_breadcrumb_json":[{"label":"Home","link":"https:\/\/www.vitalsmilesga.com\/es"},{"label":"Services","link":"https:\/\/www.vitalsmilesga.com\/es\/services\/"},{"label":"Infant &#038; Toddler Dentistry","link":"https:\/\/www.vitalsmilesga.com\/es\/services\/infant-toddler-dentistry\/"},{"label":"Thumb Sucking","link":"https:\/\/www.vitalsmilesga.com\/es\/services\/infant-toddler-dentistry\/thumb-sucking\/"}],"_links":{"self":[{"href":"https:\/\/www.vitalsmilesga.com\/es\/wp-json\/wp\/v2\/pages\/3443","targetHints":{"allow":["GET"]}}],"collection":[{"href":"https:\/\/www.vitalsmilesga.com\/es\/wp-json\/wp\/v2\/pages"}],"about":[{"href":"https:\/\/www.vitalsmilesga.com\/es\/wp-json\/wp\/v2\/types\/page"}],"author":[{"embeddable":true,"href":"https:\/\/www.vitalsmilesga.com\/es\/wp-json\/wp\/v2\/users\/2"}],"replies":[{"embeddable":true,"href":"https:\/\/www.vitalsmilesga.com\/es\/wp-json\/wp\/v2\/comments?post=3443"}],"version-history":[{"count":0,"href":"https:\/\/www.vitalsmilesga.com\/es\/wp-json\/wp\/v2\/pages\/3443\/revisions"}],"up":[{"embeddable":true,"href":"https:\/\/www.vitalsmilesga.com\/es\/wp-json\/wp\/v2\/pages\/3402"}],"wp:featuredmedia":[{"embeddable":true,"href":"https:\/\/www.vitalsmilesga.com\/es\/wp-json\/wp\/v2\/media\/3444"}],"wp:attachment":[{"href":"https:\/\/www.vitalsmilesga.com\/es\/wp-json\/wp\/v2\/media?parent=3443"}],"curies":[{"name":"wp","href":"https:\/\/api.w.org\/{rel}","templated":true}]}}